{"id":5800,"date":"2022-07-11T19:03:22","date_gmt":"2022-07-11T22:03:22","guid":{"rendered":"http:\/\/dagostino-bruno.com.ar\/?page_id=5800"},"modified":"2025-10-02T17:23:01","modified_gmt":"2025-10-02T20:23:01","slug":"analisis-microbiologico-del-agua","status":"publish","type":"page","link":"https:\/\/dagostino-bruno.com.ar\/en\/analisis-microbiologico-del-agua\/","title":{"rendered":"An\u00e1lisis Microbiol\u00f3gico del Agua"},"content":{"rendered":"<p><section id=\"bt_bb_section6a009a37c6316\" class=\"bt_bb_section bt_bb_color_scheme_9 bt_bb_layout_boxed_1200 bt_bb_vertical_align_top bt_bb_bottom_section_coverage_image bt_bb_section_with_bottom_coverage_image bt_bb_top_spacing_large bt_bb_bottom_spacing_extra_large bioquimicos-header medicos ama\" style=\"; --section-primary-color:#191919; --section-secondary-color:#16325c;\" data-bt-override-class=\"null\"><div class=\"bt_bb_background_image_holder_wrapper\"><div class=\"bt_bb_background_image_holder btLazyLoadBackground bt_bb_parallax\"  data-background_image_src=\"https:\/\/dagostino-bruno.com.ar\/wp-content\/uploads\/2022\/07\/ama-1.jpg\" data-parallax=\"0.1\" data-parallax-offset=\"-50\" data-parallax-zoom-start=\"1\" data-parallax-zoom-end=\"1\" data-parallax-blur-start=\"0\" data-parallax-blur-end=\"0\" data-parallax-opacity-start=\"1\" data-parallax-opacity-end=\"1\" style=\" background-image: url(&#039;https:\/\/dagostino-bruno.com.ar\/wp-content\/plugins\/bold-page-builder\/img\/blank.gif&#039;);\"><\/div><\/div><div class=\"bt_bb_port\"><div class=\"bt_bb_cell\"><div class=\"bt_bb_cell_inner\"><div class=\"bt_bb_row \"  data-bt-override-class=\"{}\"><div class=\"bt_bb_row_holder\" ><div  class=\"bt_bb_column col-xxl-8 col-xl-8 bt_bb_vertical_align_top bt_bb_align_left bt_bb_padding_normal bt_bb_animation_fade_in animate\" style=\"; --column-width:8;\" data-width=\"8\" data-bt-override-class=\"{}\"><div class=\"bt_bb_column_content\"><div class=\"bt_bb_column_content_inner\"><header class=\"bt_bb_headline bt_bb_dash_top bt_bb_superheadline bt_bb_subheadline bt_bb_size_large bt_bb_align_inherit bt_bb_hidden_xs bt_bb_hidden_ms\" style=\";color:#16325c;border-color:#16325c;\" data-bt-override-class=\"{&quot;bt_bb_align_&quot;:{&quot;current_class&quot;:&quot;bt_bb_align_inherit&quot;,&quot;def&quot;:&quot;inherit&quot;,&quot;xl&quot;:&quot;inherit&quot;}}\"><h1 class=\"bt_bb_headline_tag\"><span class=\"bt_bb_headline_superheadline\">ESTUDIOS ESPECIALES<\/span><span class=\"bt_bb_headline_content\"><span>AN\u00c1LISIS<br \/><br \/>\n<strong>MICROBIOL\u00d3GICO<br \/><br \/>\nDEL AGUA<\/strong><\/span><\/span><\/h1><div class=\"bt_bb_headline_subheadline\">Evalu\u00e1 la calidad de la misma<br \/><br \/>\ncon un estudio completo de an\u00e1lisis<br \/><br \/>\nmicrobiol\u00f3gico y fisicoqu\u00edmico.<\/div><\/header><header class=\"bt_bb_headline bt_bb_dash_top bt_bb_superheadline bt_bb_subheadline bt_bb_size_large bt_bb_align_inherit bt_bb_hidden_sm bt_bb_hidden_md bt_bb_hidden_lg\" style=\";color:#16325c;border-color:#16325c;\" data-bt-override-class=\"{&quot;bt_bb_align_&quot;:{&quot;current_class&quot;:&quot;bt_bb_align_inherit&quot;,&quot;def&quot;:&quot;inherit&quot;,&quot;xl&quot;:&quot;inherit&quot;}}\"><h1 class=\"bt_bb_headline_tag\"><span class=\"bt_bb_headline_superheadline\">ESTUDIOS ESPECIALES<\/span><span class=\"bt_bb_headline_content\"><span>AN\u00c1LISIS <strong>MICROBIOL\u00d3GICO DEL AGUA<\/strong><\/span><\/span><\/h1><div class=\"bt_bb_headline_subheadline\">Evalu\u00e1 la calidad de la misma con un estudio completo de an\u00e1lisis microbiol\u00f3gico y fisicoqu\u00edmico.<\/div><\/header><div class=\"bt_bb_separator bt_bb_border_style_none bt_bb_border_color_none bt_bb_top_spacing_extra_small bt_bb_bottom_spacing_extra_small\" data-bt-override-class=\"null\"><\/div><\/div><\/div><\/div><div  class=\"bt_bb_column col-xxl-4 col-xl-4 bt_bb_vertical_align_top bt_bb_align_left bt_bb_padding_normal\" style=\"; --column-width:4;\" data-width=\"4\" data-bt-override-class=\"{}\"><div class=\"bt_bb_column_content\"><div class=\"bt_bb_column_content_inner\"><\/div><\/div><\/div><\/div><\/div><\/div><!-- cell_inner --><\/div><!-- cell --><\/div><!-- port --><div class=\"bt_bb_section_bottom_section_coverage_image\"><img decoding=\"async\" src=\"https:\/\/dagostino-bruno.com.ar\/wp-content\/uploads\/2022\/03\/verde.png\" alt=\"bt_bb_section_bottom_section_coverage_image\" \/><\/div><\/section><section id=\"bt_bb_section6a009a37c68c1\" class=\"bt_bb_section bt_bb_layout_boxed_1200 bt_bb_vertical_align_top bt_bb_bottom_spacing_normal bt_bb_section_allow_content_outside\" style=\";background-color:#c9e9e6;\" data-bt-override-class=\"null\"><div class=\"bt_bb_port\"><div class=\"bt_bb_cell\"><div class=\"bt_bb_cell_inner\"><div class=\"bt_bb_row \"  data-bt-override-class=\"{}\"><div class=\"bt_bb_row_holder\" ><div  class=\"bt_bb_column col-xxl-12 col-xl-12 col-xs-12 col-sm-12 col-md-12 col-lg-12 bt_bb_vertical_align_top bt_bb_align_left bt_bb_padding_normal\" style=\"; --column-width:12;\" data-width=\"12\" data-bt-override-class=\"{}\"><div class=\"bt_bb_column_content\"><div class=\"bt_bb_column_content_inner\"><div class=\"bt_bb_image bt_bb_shape_square bt_bb_target_self bt_bb_align_inherit bt_bb_hover_style_simple bt_bb_content_display_always bt_bb_content_align_middle\" style=\"height:170; overflow: hidden;\" data-bt-override-class=\"{}\"><span><img loading=\"lazy\" decoding=\"async\" width=\"209\" height=\"162\" src=\"https:\/\/dagostino-bruno.com.ar\/wp-content\/uploads\/2022\/07\/ama-icono.png\" class=\"attachment-full size-full\" alt=\"https:\/\/dagostino-bruno.com.ar\/wp-content\/uploads\/2022\/07\/ama-icono.png\" data-full_image_src=\"https:\/\/dagostino-bruno.com.ar\/wp-content\/uploads\/2022\/07\/ama-icono.png\" title=\"ama-icono\" srcset=\"https:\/\/dagostino-bruno.com.ar\/wp-content\/uploads\/2022\/07\/ama-icono.png 209w, https:\/\/dagostino-bruno.com.ar\/wp-content\/uploads\/2022\/07\/ama-icono-15x12.png 15w\" sizes=\"auto, (max-width: 209px) 100vw, 209px\" \/><\/span><\/div><div class=\"bt_bb_separator bt_bb_border_style_none bt_bb_border_color_none bt_bb_top_spacing_medium bt_bb_bottom_spacing_medium\" data-bt-override-class=\"null\"><\/div><div  class=\"bt_bb_text\" ><\/p>\n<h5><strong>Este an\u00e1lisis est\u00e1 dirigido a particulares, instituciones p\u00fablicas y privadas (escuelas, hospitales, guarder\u00edas, comedores, edificios, entre otros) y derivantes.<\/strong><\/h5>\n<h5><\/h5>\n<h5><strong>El an\u00e1lisis microbiol\u00f3gico del agua tiene como objetivo evaluar la calidad de la misma determinando los microorganismos presentes en el agua analizada.Dependiendo de su uso se determinan distintos grupos de bacterias, seg\u00fan marcan las normativas vigentes para an\u00e1lisis de aguas potables, residuales, re-creacionales, etc.<\/strong><\/h5>\n<h5><\/h5>\n<h5><strong>Es fundamental la determinaci\u00f3n en agua de los par\u00e1metros microbiol\u00f3gicos. De la identificaci\u00f3n correcta de algunas bacterias seg\u00fan marca nuestro C\u00f3digo Alimentario Argentino ( Cap\u00edtulo XI- Art. 982) podemos evitar algunas enfermedades, principalmente infecciones gastrointestinales.<\/strong><\/h5>\n<h5><\/h5>\n<h5><img loading=\"lazy\" decoding=\"async\" class=\"alignnone wp-image-5198\" src=\"https:\/\/dagostino-bruno.com.ar\/wp-content\/uploads\/2022\/03\/op-e1646858308713.png\" alt=\"\" width=\"18\" height=\"18\" \/> <strong>Para garantizar los requisitos necesarios en el agua de consumo, nuestro laboratorio pone a disposici\u00f3n de la comunidad el servicio de An\u00e1lisis de Aguas.<\/strong><\/h5>\n<h5><\/h5>\n<h5><img loading=\"lazy\" decoding=\"async\" class=\"alignnone wp-image-5198\" src=\"https:\/\/dagostino-bruno.com.ar\/wp-content\/uploads\/2022\/03\/op-e1646858308713.png\" alt=\"\" width=\"18\" height=\"18\" \/> <strong>El servicio se compone de un an\u00e1lisis f\u00edsico qu\u00edmico y un an\u00e1lisis microbiol\u00f3gico y est\u00e1 dirigido a la evaluaci\u00f3n de:<\/strong><\/h5>\n<h5><\/h5>\n<div style=\"line-height: 2rem;\">\n<h5><strong><img loading=\"lazy\" decoding=\"async\" class=\"alignnone size-full wp-image-10913\" src=\"https:\/\/dagostino-bruno.com.ar\/wp-content\/uploads\/2025\/10\/flecha.png\" alt=\"\" width=\"21\" height=\"33\" srcset=\"https:\/\/dagostino-bruno.com.ar\/wp-content\/uploads\/2025\/10\/flecha.png 21w, https:\/\/dagostino-bruno.com.ar\/wp-content\/uploads\/2025\/10\/flecha-8x12.png 8w\" sizes=\"auto, (max-width: 21px) 100vw, 21px\" \/>\u00a0fuentes de agua de consumo<br \/>\n<\/strong><\/h5>\n<h5><strong><img loading=\"lazy\" decoding=\"async\" class=\"alignnone size-full wp-image-10913\" src=\"https:\/\/dagostino-bruno.com.ar\/wp-content\/uploads\/2025\/10\/flecha.png\" alt=\"\" width=\"21\" height=\"33\" srcset=\"https:\/\/dagostino-bruno.com.ar\/wp-content\/uploads\/2025\/10\/flecha.png 21w, https:\/\/dagostino-bruno.com.ar\/wp-content\/uploads\/2025\/10\/flecha-8x12.png 8w\" sizes=\"auto, (max-width: 21px) 100vw, 21px\" \/><\/strong> <strong>redes domiciliarias<br \/>\n<\/strong><\/h5>\n<h5><strong><img loading=\"lazy\" decoding=\"async\" class=\"alignnone size-full wp-image-10913\" src=\"https:\/\/dagostino-bruno.com.ar\/wp-content\/uploads\/2025\/10\/flecha.png\" alt=\"\" width=\"21\" height=\"33\" srcset=\"https:\/\/dagostino-bruno.com.ar\/wp-content\/uploads\/2025\/10\/flecha.png 21w, https:\/\/dagostino-bruno.com.ar\/wp-content\/uploads\/2025\/10\/flecha-8x12.png 8w\" sizes=\"auto, (max-width: 21px) 100vw, 21px\" \/><\/strong> <strong>reservorios de aguas de consorcios<br \/>\n<\/strong><\/h5>\n<h5><strong><img loading=\"lazy\" decoding=\"async\" class=\"alignnone size-full wp-image-10913\" src=\"https:\/\/dagostino-bruno.com.ar\/wp-content\/uploads\/2025\/10\/flecha.png\" alt=\"\" width=\"21\" height=\"33\" srcset=\"https:\/\/dagostino-bruno.com.ar\/wp-content\/uploads\/2025\/10\/flecha.png 21w, https:\/\/dagostino-bruno.com.ar\/wp-content\/uploads\/2025\/10\/flecha-8x12.png 8w\" sizes=\"auto, (max-width: 21px) 100vw, 21px\" \/><\/strong> <strong>an\u00e1lisis de aguas recreacionales<\/strong><\/h5>\n<\/div>\n<p>\n<\/div><div class=\"bt_bb_separator bt_bb_border_style_none bt_bb_border_color_none bt_bb_top_spacing_small bt_bb_bottom_spacing_normal\" data-bt-override-class=\"null\"><\/div><div  class=\"bt_bb_text\" ><\/p>\n<h5><strong>Realizamos las siguientes determinaciones:<\/strong><\/h5>\n<h5><\/h5>\n<h5><img loading=\"lazy\" decoding=\"async\" class=\"alignnone wp-image-5198\" src=\"https:\/\/dagostino-bruno.com.ar\/wp-content\/uploads\/2022\/03\/op-e1646858308713.png\" alt=\"\" width=\"18\" height=\"18\" \/> <strong style=\"color: #00a8a5;\">AN\u00c1LISIS MICROBIOL\u00d3GICO:<\/strong><\/h5>\n<h5>Recuento de aerobios mes\u00f3filos, recuento de coliformes totales, investigaci\u00f3n de coliformes, Escherichia coli y Pseudomona aeruginosa.<\/h5>\n<h5><\/h5>\n<h5><img loading=\"lazy\" decoding=\"async\" class=\"alignnone wp-image-5198\" src=\"https:\/\/dagostino-bruno.com.ar\/wp-content\/uploads\/2022\/03\/op-e1646858308713.png\" alt=\"\" width=\"18\" height=\"18\" \/> <strong style=\"color: #00a8a5;\">AN\u00c1LISIS FISICOQU\u00cdMICO:<\/strong><\/h5>\n<h5>Color, turbiedad, olor, PH, s\u00f3lidos disueltos, dureza total, alcalinidad total, cloruros, sulfatos, calcio, nitratos, nitritos, amonio, ars\u00e9nico, fluoruros, sodio, magnesio, entre otros.<\/h5>\n<p>\n<\/div><div class=\"bt_bb_separator bt_bb_border_style_none bt_bb_border_color_none bt_bb_top_spacing_normal bt_bb_bottom_spacing_normal\" data-bt-override-class=\"null\"><\/div><\/div><\/div><\/div><\/div><\/div><\/div><!-- cell_inner --><\/div><!-- cell --><\/div><!-- port --><\/section><section id=\"bt_bb_section6a009a37c78eb\" class=\"bt_bb_section bt_bb_layout_boxed_1200 bt_bb_vertical_align_top bt_bb_top_section_coverage_image bt_bb_section_with_top_coverage_image bt_bb_bottom_section_coverage_image bt_bb_section_with_bottom_coverage_image bt_bb_top_spacing_large bt_bb_bottom_spacing_large formulario-esp\" style=\";background-color:#00a8a5;\" data-bt-override-class=\"null\"><div class=\"bt_bb_port\"><div class=\"bt_bb_cell\"><div class=\"bt_bb_cell_inner\"><div class=\"bt_bb_row \"  data-bt-override-class=\"{}\"><div class=\"bt_bb_row_holder\" ><div  class=\"bt_bb_column col-xxl-3 col-xl-3 col-xs-12 col-sm-3 col-md-3 col-lg-3 bt_bb_vertical_align_top bt_bb_align_left bt_bb_padding_normal\" style=\"; --column-width:3;\" data-width=\"3\" data-bt-override-class=\"{}\"><div class=\"bt_bb_column_content\"><div class=\"bt_bb_column_content_inner\"><\/div><\/div><\/div><div  class=\"bt_bb_column col-xxl-6 col-xl-6 col-xs-12 col-sm-6 col-md-6 col-lg-6 bt_bb_vertical_align_top bt_bb_align_center bt_bb_padding_normal bt_bb_details-color_white\" style=\"; --column-width:6;\" data-width=\"6\" data-bt-override-class=\"{&quot;bt_bb_align_&quot;:{&quot;current_class&quot;:&quot;bt_bb_align_center&quot;,&quot;def&quot;:&quot;center&quot;,&quot;xl&quot;:&quot;center&quot;}}\"><div class=\"bt_bb_column_content\"><div class=\"bt_bb_column_content_inner\"><header class=\"bt_bb_headline bt_bb_dash_none bt_bb_size_inherit bt_bb_align_inherit\" style=\";color:#ffffff;border-color:#ffffff;\" data-bt-override-class=\"{&quot;bt_bb_align_&quot;:{&quot;current_class&quot;:&quot;bt_bb_align_inherit&quot;,&quot;def&quot;:&quot;inherit&quot;,&quot;xl&quot;:&quot;inherit&quot;}}\"><h3 class=\"bt_bb_headline_tag\"><span class=\"bt_bb_headline_content\"><span>Contactar con un profesional<\/span><\/span><\/h3><\/header><div class=\"bt_bb_separator bt_bb_border_style_none bt_bb_border_color_none bt_bb_top_spacing_small bt_bb_bottom_spacing_small\" data-bt-override-class=\"null\"><\/div><div class=\"bt_bb_contact_form_7 internas\">\n<div class=\"wpcf7 no-js\" id=\"wpcf7-f5814-o1\" lang=\"en-US\" dir=\"ltr\" data-wpcf7-id=\"5814\">\n<div class=\"screen-reader-response\"><p role=\"status\" aria-live=\"polite\" aria-atomic=\"true\"><\/p> <ul><\/ul><\/div>\n<form action=\"\/en\/wp-json\/wp\/v2\/pages\/5800#wpcf7-f5814-o1\" method=\"post\" class=\"wpcf7-form init\" aria-label=\"Contact form\" novalidate=\"novalidate\" data-status=\"init\">\n<fieldset class=\"hidden-fields-container\"><input type=\"hidden\" name=\"_wpcf7\" value=\"5814\" \/><input type=\"hidden\" name=\"_wpcf7_version\" value=\"6.1.5\" \/><input type=\"hidden\" name=\"_wpcf7_locale\" value=\"en_US\" \/><input type=\"hidden\" name=\"_wpcf7_unit_tag\" value=\"wpcf7-f5814-o1\" \/><input type=\"hidden\" name=\"_wpcf7_container_post\" value=\"0\" \/><input type=\"hidden\" name=\"_wpcf7_posted_data_hash\" value=\"\" \/><input type=\"hidden\" name=\"_wpcf7_recaptcha_response\" value=\"\" \/>\n<\/fieldset>\n<p><span class=\"wpcf7-form-control-wrap\" data-name=\"your-name\"><input size=\"40\" maxlength=\"400\" class=\"wpcf7-form-control wpcf7-text wpcf7-validates-as-required\" aria-required=\"true\" aria-invalid=\"false\" placeholder=\"Nombre*\" value=\"\" type=\"text\" name=\"your-name\" \/><\/span>\n<\/p>\n<p><span class=\"wpcf7-form-control-wrap\" data-name=\"your-email\"><input size=\"40\" maxlength=\"400\" class=\"wpcf7-form-control wpcf7-email wpcf7-validates-as-required wpcf7-text wpcf7-validates-as-email\" aria-required=\"true\" aria-invalid=\"false\" placeholder=\"Email*\" value=\"\" type=\"email\" name=\"your-email\" \/><\/span>\n<\/p>\n<p><span class=\"wpcf7-form-control-wrap\" data-name=\"tel-185\"><input size=\"40\" maxlength=\"400\" class=\"wpcf7-form-control wpcf7-tel wpcf7-validates-as-required wpcf7-text wpcf7-validates-as-tel\" aria-required=\"true\" aria-invalid=\"false\" placeholder=\"Tel\u00e9fono\" value=\"\" type=\"tel\" name=\"tel-185\" \/><\/span>\n<\/p>\n<p><span class=\"wpcf7-form-control-wrap\" data-name=\"your-message\"><textarea cols=\"40\" rows=\"10\" maxlength=\"2000\" class=\"wpcf7-form-control wpcf7-textarea\" aria-invalid=\"false\" placeholder=\"Mensaje\" name=\"your-message\"><\/textarea><\/span>\n<\/p>\n<span class=\"wpcf7-form-control-wrap recaptcha\" data-name=\"recaptcha\"><span data-sitekey=\"6Lc7hM4aAAAAABalFlLWrNvllgzrs2MQSdZMVbyc\" class=\"wpcf7-form-control wpcf7-recaptcha g-recaptcha\"><\/span>\r\n<noscript>\r\n\t<div class=\"grecaptcha-noscript\">\r\n\t\t<iframe loading=\"lazy\" src=\"https:\/\/www.google.com\/recaptcha\/api\/fallback?k=6Lc7hM4aAAAAABalFlLWrNvllgzrs2MQSdZMVbyc\" frameborder=\"0\" scrolling=\"no\" width=\"310\" height=\"430\">\r\n\t\t<\/iframe>\r\n\t\t<textarea name=\"g-recaptcha-response\" rows=\"3\" cols=\"40\" placeholder=\"reCaptcha Response Here\">\r\n\t\t<\/textarea>\r\n\t<\/div>\r\n<\/noscript>\r\n<\/span>\n<p><input class=\"wpcf7-form-control wpcf7-submit has-spinner\" type=\"submit\" value=\"ENVIAR MENSAJE\" \/>\n<\/p><p style=\"display: none !important;\" class=\"akismet-fields-container\" data-prefix=\"_wpcf7_ak_\"><label>&#916;<textarea name=\"_wpcf7_ak_hp_textarea\" cols=\"45\" rows=\"8\" maxlength=\"100\"><\/textarea><\/label><input type=\"hidden\" id=\"ak_js_1\" name=\"_wpcf7_ak_js\" value=\"197\"\/><script type=\"text\/javascript\">\n\/* <![CDATA[ *\/\ndocument.getElementById( \"ak_js_1\" ).setAttribute( \"value\", ( new Date() ).getTime() );\n\/* ]]> *\/\n<\/script>\n<\/p><div class=\"wpcf7-response-output\" aria-hidden=\"true\"><\/div>\n<\/form>\n<\/div>\n<\/div><\/div><\/div><\/div><div  class=\"bt_bb_column col-xxl-3 col-xl-3 col-xs-12 col-sm-3 col-md-3 col-lg-3 bt_bb_vertical_align_top bt_bb_align_left bt_bb_padding_normal\" style=\"; --column-width:3;\" data-width=\"3\" data-bt-override-class=\"{}\"><div class=\"bt_bb_column_content\"><div class=\"bt_bb_column_content_inner\"><\/div><\/div><\/div><\/div><\/div><\/div><!-- cell_inner --><\/div><!-- cell --><\/div><!-- port --><div class=\"bt_bb_section_top_section_coverage_image\"><img decoding=\"async\" src=\"https:\/\/dagostino-bruno.com.ar\/wp-content\/uploads\/2022\/03\/arriba-izq-1.png\" alt=\"bt_bb_section_top_section_coverage_image\" \/><\/div><div class=\"bt_bb_section_bottom_section_coverage_image\"><img decoding=\"async\" src=\"https:\/\/dagostino-bruno.com.ar\/wp-content\/uploads\/2022\/03\/abajo-der.png\" alt=\"bt_bb_section_bottom_section_coverage_image\" \/><\/div><\/section><\/p>\n","protected":false},"excerpt":{"rendered":"","protected":false},"author":4,"featured_media":0,"parent":0,"menu_order":0,"comment_status":"closed","ping_status":"closed","template":"","meta":{"footnotes":""},"class_list":["post-5800","page","type-page","status-publish","hentry"],"_links":{"self":[{"href":"https:\/\/dagostino-bruno.com.ar\/en\/wp-json\/wp\/v2\/pages\/5800","targetHints":{"allow":["GET"]}}],"collection":[{"href":"https:\/\/dagostino-bruno.com.ar\/en\/wp-json\/wp\/v2\/pages"}],"about":[{"href":"https:\/\/dagostino-bruno.com.ar\/en\/wp-json\/wp\/v2\/types\/page"}],"author":[{"embeddable":true,"href":"https:\/\/dagostino-bruno.com.ar\/en\/wp-json\/wp\/v2\/users\/4"}],"replies":[{"embeddable":true,"href":"https:\/\/dagostino-bruno.com.ar\/en\/wp-json\/wp\/v2\/comments?post=5800"}],"version-history":[{"count":24,"href":"https:\/\/dagostino-bruno.com.ar\/en\/wp-json\/wp\/v2\/pages\/5800\/revisions"}],"predecessor-version":[{"id":10914,"href":"https:\/\/dagostino-bruno.com.ar\/en\/wp-json\/wp\/v2\/pages\/5800\/revisions\/10914"}],"wp:attachment":[{"href":"https:\/\/dagostino-bruno.com.ar\/en\/wp-json\/wp\/v2\/media?parent=5800"}],"curies":[{"name":"wp","href":"https:\/\/api.w.org\/{rel}","templated":true}]}}