{"id":5782,"date":"2022-07-11T18:45:41","date_gmt":"2022-07-11T21:45:41","guid":{"rendered":"http:\/\/dagostino-bruno.com.ar\/?page_id=5782"},"modified":"2024-11-14T11:55:12","modified_gmt":"2024-11-14T14:55:12","slug":"genetica-y-comportamiento-alimentario","status":"publish","type":"page","link":"https:\/\/dagostino-bruno.com.ar\/en\/genetica-y-comportamiento-alimentario\/","title":{"rendered":"Estudio de Gen\u00e9tica y Comportamiento Alimentario"},"content":{"rendered":"<p><section id=\"bt_bb_section6a008a856b106\" class=\"bt_bb_section bt_bb_color_scheme_9 bt_bb_layout_boxed_1200 bt_bb_vertical_align_top bt_bb_bottom_section_coverage_image bt_bb_section_with_bottom_coverage_image bt_bb_top_spacing_large bt_bb_bottom_spacing_extra_large medicos gca\" style=\"; --section-primary-color:#191919; --section-secondary-color:#16325c;\" data-bt-override-class=\"null\"><div class=\"bt_bb_background_image_holder_wrapper\"><div class=\"bt_bb_background_image_holder btLazyLoadBackground bt_bb_parallax\"  data-background_image_src=\"https:\/\/dagostino-bruno.com.ar\/wp-content\/uploads\/2022\/07\/gca-1.jpg\" data-parallax=\"0.1\" data-parallax-offset=\"-50\" data-parallax-zoom-start=\"1\" data-parallax-zoom-end=\"1\" data-parallax-blur-start=\"0\" data-parallax-blur-end=\"0\" data-parallax-opacity-start=\"1\" data-parallax-opacity-end=\"1\" style=\" background-image: url(&#039;https:\/\/dagostino-bruno.com.ar\/wp-content\/plugins\/bold-page-builder\/img\/blank.gif&#039;);\"><\/div><\/div><div class=\"bt_bb_port\"><div class=\"bt_bb_cell\"><div class=\"bt_bb_cell_inner\"><div class=\"bt_bb_row \"  data-bt-override-class=\"{}\"><div class=\"bt_bb_row_holder\" ><div  class=\"bt_bb_column col-xxl-8 col-xl-8 bt_bb_vertical_align_top bt_bb_align_left bt_bb_padding_normal bt_bb_animation_fade_in animate\" style=\"; --column-width:8;\" data-width=\"8\" data-bt-override-class=\"{}\"><div class=\"bt_bb_column_content\"><div class=\"bt_bb_column_content_inner\"><header class=\"bt_bb_headline bt_bb_dash_top bt_bb_superheadline bt_bb_subheadline bt_bb_size_large bt_bb_align_inherit bt_bb_hidden_xs bt_bb_hidden_ms\" style=\";color:#16325c;border-color:#16325c;\" data-bt-override-class=\"{&quot;bt_bb_align_&quot;:{&quot;current_class&quot;:&quot;bt_bb_align_inherit&quot;,&quot;def&quot;:&quot;inherit&quot;,&quot;xl&quot;:&quot;inherit&quot;}}\"><h1 class=\"bt_bb_headline_tag\"><span class=\"bt_bb_headline_superheadline\">ESTUDIOS ESPECIALES<\/span><span class=\"bt_bb_headline_content\"><span>GEN\u00c9TICA Y<br \/><br \/>\n<strong>BIENESTAR<\/strong><\/span><\/span><\/h1><div class=\"bt_bb_headline_subheadline\">Conocer tu perfil gen\u00e9tico te permite<br \/><br \/>\ndisfrutar una mejor calidad de vida.<\/div><\/header><header class=\"bt_bb_headline bt_bb_dash_top bt_bb_superheadline bt_bb_subheadline bt_bb_size_large bt_bb_align_inherit bt_bb_hidden_sm bt_bb_hidden_md bt_bb_hidden_lg\" style=\";color:#16325c;border-color:#16325c;\" data-bt-override-class=\"{&quot;bt_bb_align_&quot;:{&quot;current_class&quot;:&quot;bt_bb_align_inherit&quot;,&quot;def&quot;:&quot;inherit&quot;,&quot;xl&quot;:&quot;inherit&quot;}}\"><h1 class=\"bt_bb_headline_tag\"><span class=\"bt_bb_headline_superheadline\">ESTUDIOS ESPECIALES<\/span><span class=\"bt_bb_headline_content\"><span>GEN\u00c9TICA Y <strong>BIENESTAR<\/strong><\/span><\/span><\/h1><div class=\"bt_bb_headline_subheadline\">Conocer tu perfil gen\u00e9tico te permite<br \/><br \/>\ndisfrutar una mejor calidad de vida<\/div><\/header><div class=\"bt_bb_separator bt_bb_border_style_none bt_bb_border_color_none bt_bb_top_spacing_extra_small bt_bb_bottom_spacing_extra_small\" data-bt-override-class=\"null\"><\/div><\/div><\/div><\/div><div  class=\"bt_bb_column col-xxl-4 col-xl-4 bt_bb_vertical_align_top bt_bb_align_left bt_bb_padding_normal\" style=\"; --column-width:4;\" data-width=\"4\" data-bt-override-class=\"{}\"><div class=\"bt_bb_column_content\"><div class=\"bt_bb_column_content_inner\"><\/div><\/div><\/div><\/div><\/div><\/div><!-- cell_inner --><\/div><!-- cell --><\/div><!-- port --><div class=\"bt_bb_section_bottom_section_coverage_image\"><img decoding=\"async\" src=\"https:\/\/dagostino-bruno.com.ar\/wp-content\/uploads\/2022\/03\/verde.png\" alt=\"bt_bb_section_bottom_section_coverage_image\" \/><\/div><\/section><section id=\"bt_bb_section6a008a856b616\" class=\"bt_bb_section bt_bb_layout_boxed_1200 bt_bb_vertical_align_top bt_bb_bottom_spacing_normal bt_bb_section_allow_content_outside\" style=\";background-color:#c9e9e6;\" data-bt-override-class=\"null\"><div class=\"bt_bb_port\"><div class=\"bt_bb_cell\"><div class=\"bt_bb_cell_inner\"><div class=\"bt_bb_row \"  data-bt-override-class=\"{}\"><div class=\"bt_bb_row_holder\" ><div  class=\"bt_bb_column col-xxl-12 col-xl-12 col-xs-12 col-sm-12 col-md-12 col-lg-12 bt_bb_vertical_align_top bt_bb_align_left bt_bb_padding_normal\" style=\"; --column-width:12;\" data-width=\"12\" data-bt-override-class=\"{}\"><div class=\"bt_bb_column_content\"><div class=\"bt_bb_column_content_inner\"><div class=\"bt_bb_image bt_bb_shape_square bt_bb_target_self bt_bb_align_inherit bt_bb_hover_style_simple bt_bb_content_display_always bt_bb_content_align_middle\" style=\"height:170; overflow: hidden;\" data-bt-override-class=\"{}\"><span><img loading=\"lazy\" decoding=\"async\" width=\"184\" height=\"157\" src=\"https:\/\/dagostino-bruno.com.ar\/wp-content\/uploads\/2022\/07\/gca-icono-2.png\" class=\"attachment-full size-full\" alt=\"https:\/\/dagostino-bruno.com.ar\/wp-content\/uploads\/2022\/07\/gca-icono-2.png\" data-full_image_src=\"https:\/\/dagostino-bruno.com.ar\/wp-content\/uploads\/2022\/07\/gca-icono-2.png\" title=\"gca-icono\" srcset=\"https:\/\/dagostino-bruno.com.ar\/wp-content\/uploads\/2022\/07\/gca-icono-2.png 184w, https:\/\/dagostino-bruno.com.ar\/wp-content\/uploads\/2022\/07\/gca-icono-2-14x12.png 14w\" sizes=\"auto, (max-width: 184px) 100vw, 184px\" \/><\/span><\/div><div class=\"bt_bb_separator bt_bb_border_style_none bt_bb_border_color_none bt_bb_top_spacing_medium bt_bb_bottom_spacing_medium\" data-bt-override-class=\"null\"><\/div><div  class=\"bt_bb_text\" ><\/p>\n<h5><span style=\"font-weight: 400;\">Ofrecemos paneles gen\u00e9ticos relacionados con el bienestar, el resultado de los mismos te va a permitir conocer si tuvieras predisposiciones gen\u00e9ticas relacionadas con aspectos de tu salud corporal. A partir de estos resultados un profesional de la salud ( m\u00e9dico nutricionista, deport\u00f3logo, cl\u00ednico) podr\u00e1 sugerir cuidados espec\u00edficos a partir de tu ADN.\u00a0<\/span><\/h5>\n<h5><span style=\"font-weight: 400;\">Conocer tu perfil gen\u00e9tico te permitir\u00e1 personalizar tu plan alimentario, tu rutina de entrenamiento f\u00edsico, el cuidado de tu piel, podr\u00e1s predecir y prevenir posibles necesidades o carencias de tu organismo que se pueden presentar con el paso del tiempo.<\/span><\/h5>\n<p>\n<\/div><div class=\"bt_bb_separator bt_bb_border_style_none bt_bb_border_color_none bt_bb_top_spacing_small bt_bb_bottom_spacing_normal\" data-bt-override-class=\"null\"><\/div><div  class=\"bt_bb_text\" ><\/p>\n<h5><strong><span style=\"font-weight: 400;\">Paneles disponibles:<\/span><\/strong><\/h5>\n<h5><\/h5>\n<h5><img loading=\"lazy\" decoding=\"async\" class=\"alignnone wp-image-5198\" src=\"https:\/\/dagostino-bruno.com.ar\/wp-content\/uploads\/2022\/03\/op-e1646858308713.png\" alt=\"\" width=\"18\" height=\"18\" \/> <strong style=\"color: #00a8a5;\">Panel nutrici\u00f3n y entrenamiento (GENERA):<\/strong><\/h5>\n<h5>Con este panel podr\u00e1s conocer tu perfil gen\u00e9tico relacionado con tu metabolismo, con la alimentaci\u00f3n y con tu capacidad de ejercicio f\u00edsico. Podr\u00e1s evaluar tus predisposiciones gen\u00e9ticas a tener una menor sensaci\u00f3n de saciedad, a consumir az\u00facares en mayores cantidades, a tener mayor resistencia f\u00edsica en actividades de larga duraci\u00f3n, entre otras caracter\u00edsticas.<\/h5>\n<h5><\/h5>\n<h5><img loading=\"lazy\" decoding=\"async\" class=\"alignnone wp-image-5198\" src=\"https:\/\/dagostino-bruno.com.ar\/wp-content\/uploads\/2022\/03\/op-e1646858308713.png\" alt=\"\" width=\"18\" height=\"18\" \/> <strong style=\"color: #00a8a5;\">Panel Dermato-Age (GENERA):<\/strong><\/h5>\n<h5>Este panel brinda informaci\u00f3n para conocer m\u00e1s sobre las predisposiciones que tiene tu piel y sobre tendencias que se pueden presentar con el paso del tiempo.<\/h5>\n<h5>Podr\u00e1s saber si tu piel tiene mayor predisposici\u00f3n a sufrir hiperpigmentaci\u00f3n, a tener mayor inclinaci\u00f3n a la formaci\u00f3n de arrugas, propensi\u00f3n a padecer osteoporosis, a sufrir calvicie, entre otras.<\/h5>\n<h5>Un dermat\u00f3logo podr\u00e1 indicar qu\u00e9 h\u00e1bitos o acciones tomar que sean m\u00e1s beneficiosas seg\u00fan tu informaci\u00f3n gen\u00e9tica.<\/h5>\n<h5><\/h5>\n<h5><img loading=\"lazy\" decoding=\"async\" class=\"alignnone wp-image-5198\" src=\"https:\/\/dagostino-bruno.com.ar\/wp-content\/uploads\/2022\/03\/op-e1646858308713.png\" alt=\"\" width=\"18\" height=\"18\" \/> <strong style=\"color: #00a8a5;\"><b>Panel gen\u00e9tica y comportamiento alimentario<\/b>:<\/strong><\/h5>\n<h5><span style=\"font-weight: 400;\">Este panel eval\u00faa una amplia variedad de caracter\u00edsticas relacionadas con el control de peso, los h\u00e1bitos alimentarios, el metabolismo, las intolerancias alimentarias y la salud cardiovascular. Adem\u00e1s eval\u00faa la predisposici\u00f3n gen\u00e9tica de respuesta del cuerpo ante el ejercicio aer\u00f3bico, de fuerza o de resistencia, cu\u00e1l es tu tendencia a sufrir lesiones, c\u00f3mo responde tu masa corporal al ejercicio f\u00edsico, entre otras.<\/span><\/h5>\n<h5>Un nutricionista\/m\u00e9dico especialista en medicina del deporte podr\u00e1 indicar qu\u00e9 h\u00e1bitos o acciones tomar que sean m\u00e1s beneficiosas seg\u00fan tu informaci\u00f3n gen\u00e9tica.<\/h5>\n<h5><\/h5>\n<h5><img loading=\"lazy\" decoding=\"async\" class=\"alignnone wp-image-5198\" src=\"https:\/\/dagostino-bruno.com.ar\/wp-content\/uploads\/2022\/03\/op-e1646858308713.png\" alt=\"\" width=\"18\" height=\"18\" \/> <strong style=\"color: #00a8a5;\"><b>Panel intolerancias y sensibilidades<\/b>:<\/strong><\/h5>\n<h5><span style=\"font-weight: 400;\">Este estudio analiza marcadores gen\u00e9ticos relacionados con las predisposiciones gen\u00e9ticas a la respuesta del consumo de lactosa, gluten, histamina y cafe\u00edna.<br \/>\n<\/span><span style=\"font-weight: 400;\">Se podr\u00e1 adaptar la alimentaci\u00f3n al menor o mayor consumo de alimentos que contengan estas mol\u00e9culas seg\u00fan lo que tu gen\u00e9tica indique.<\/span><\/h5>\n<h5><span style=\"font-weight: 400;\">Se sugiere que los resultados de todos estos estudios sean evaluados por un m\u00e9dico para que puedan analizarlos y hacer las recomendaciones acordes a la informaci\u00f3n gen\u00e9tica del paciente.<\/span><\/h5>\n<p>\n<\/div><div class=\"bt_bb_separator bt_bb_border_style_none bt_bb_border_color_none bt_bb_top_spacing_normal bt_bb_bottom_spacing_normal\" data-bt-override-class=\"null\"><\/div><\/div><\/div><\/div><\/div><\/div><\/div><!-- cell_inner --><\/div><!-- cell --><\/div><!-- port --><\/section><section id=\"bt_bb_section6a008a856c4e0\" class=\"bt_bb_section bt_bb_layout_boxed_1200 bt_bb_vertical_align_top bt_bb_top_section_coverage_image bt_bb_section_with_top_coverage_image bt_bb_bottom_section_coverage_image bt_bb_section_with_bottom_coverage_image bt_bb_top_spacing_large bt_bb_bottom_spacing_large formulario-esp\" style=\";background-color:#00a8a5;\" data-bt-override-class=\"null\"><div class=\"bt_bb_port\"><div class=\"bt_bb_cell\"><div class=\"bt_bb_cell_inner\"><div class=\"bt_bb_row \"  data-bt-override-class=\"{}\"><div class=\"bt_bb_row_holder\" ><div  class=\"bt_bb_column col-xxl-3 col-xl-3 col-xs-12 col-sm-3 col-md-3 col-lg-3 bt_bb_vertical_align_top bt_bb_align_left bt_bb_padding_normal\" style=\"; --column-width:3;\" data-width=\"3\" data-bt-override-class=\"{}\"><div class=\"bt_bb_column_content\"><div class=\"bt_bb_column_content_inner\"><\/div><\/div><\/div><div  class=\"bt_bb_column col-xxl-6 col-xl-6 col-xs-12 col-sm-6 col-md-6 col-lg-6 bt_bb_vertical_align_top bt_bb_align_center bt_bb_padding_normal bt_bb_details-color_white\" style=\"; --column-width:6;\" data-width=\"6\" data-bt-override-class=\"{&quot;bt_bb_align_&quot;:{&quot;current_class&quot;:&quot;bt_bb_align_center&quot;,&quot;def&quot;:&quot;center&quot;,&quot;xl&quot;:&quot;center&quot;}}\"><div class=\"bt_bb_column_content\"><div class=\"bt_bb_column_content_inner\"><header class=\"bt_bb_headline bt_bb_dash_none bt_bb_size_inherit bt_bb_align_inherit\" style=\";color:#ffffff;border-color:#ffffff;\" data-bt-override-class=\"{&quot;bt_bb_align_&quot;:{&quot;current_class&quot;:&quot;bt_bb_align_inherit&quot;,&quot;def&quot;:&quot;inherit&quot;,&quot;xl&quot;:&quot;inherit&quot;}}\"><h3 class=\"bt_bb_headline_tag\"><span class=\"bt_bb_headline_content\"><span>Contactar con un profesional<\/span><\/span><\/h3><\/header><div class=\"bt_bb_separator bt_bb_border_style_none bt_bb_border_color_none bt_bb_top_spacing_small bt_bb_bottom_spacing_small\" data-bt-override-class=\"null\"><\/div><div class=\"bt_bb_contact_form_7 internas\">\n<div class=\"wpcf7 no-js\" id=\"wpcf7-f5792-o1\" lang=\"en-US\" dir=\"ltr\" data-wpcf7-id=\"5792\">\n<div class=\"screen-reader-response\"><p role=\"status\" aria-live=\"polite\" aria-atomic=\"true\"><\/p> <ul><\/ul><\/div>\n<form action=\"\/en\/wp-json\/wp\/v2\/pages\/5782#wpcf7-f5792-o1\" method=\"post\" class=\"wpcf7-form init\" aria-label=\"Contact form\" novalidate=\"novalidate\" data-status=\"init\">\n<fieldset class=\"hidden-fields-container\"><input type=\"hidden\" name=\"_wpcf7\" value=\"5792\" \/><input type=\"hidden\" name=\"_wpcf7_version\" value=\"6.1.5\" \/><input type=\"hidden\" name=\"_wpcf7_locale\" value=\"en_US\" \/><input type=\"hidden\" name=\"_wpcf7_unit_tag\" value=\"wpcf7-f5792-o1\" \/><input type=\"hidden\" name=\"_wpcf7_container_post\" value=\"0\" \/><input type=\"hidden\" name=\"_wpcf7_posted_data_hash\" value=\"\" \/><input type=\"hidden\" name=\"_wpcf7_recaptcha_response\" value=\"\" \/>\n<\/fieldset>\n<p><span class=\"wpcf7-form-control-wrap\" data-name=\"your-name\"><input size=\"40\" maxlength=\"400\" class=\"wpcf7-form-control wpcf7-text wpcf7-validates-as-required\" aria-required=\"true\" aria-invalid=\"false\" placeholder=\"Nombre*\" value=\"\" type=\"text\" name=\"your-name\" \/><\/span>\n<\/p>\n<p><span class=\"wpcf7-form-control-wrap\" data-name=\"your-email\"><input size=\"40\" maxlength=\"400\" class=\"wpcf7-form-control wpcf7-email wpcf7-validates-as-required wpcf7-text wpcf7-validates-as-email\" aria-required=\"true\" aria-invalid=\"false\" placeholder=\"Email*\" value=\"\" type=\"email\" name=\"your-email\" \/><\/span>\n<\/p>\n<p><span class=\"wpcf7-form-control-wrap\" data-name=\"tel-185\"><input size=\"40\" maxlength=\"400\" class=\"wpcf7-form-control wpcf7-tel wpcf7-validates-as-required wpcf7-text wpcf7-validates-as-tel\" aria-required=\"true\" aria-invalid=\"false\" placeholder=\"Tel\u00e9fono\" value=\"\" type=\"tel\" name=\"tel-185\" \/><\/span>\n<\/p>\n<p><span class=\"wpcf7-form-control-wrap\" data-name=\"your-message\"><textarea cols=\"40\" rows=\"10\" maxlength=\"2000\" class=\"wpcf7-form-control wpcf7-textarea\" aria-invalid=\"false\" placeholder=\"Mensaje\" name=\"your-message\"><\/textarea><\/span>\n<\/p>\n<span class=\"wpcf7-form-control-wrap recaptcha\" data-name=\"recaptcha\"><span data-sitekey=\"6Lc7hM4aAAAAABalFlLWrNvllgzrs2MQSdZMVbyc\" class=\"wpcf7-form-control wpcf7-recaptcha g-recaptcha\"><\/span>\r\n<noscript>\r\n\t<div class=\"grecaptcha-noscript\">\r\n\t\t<iframe loading=\"lazy\" src=\"https:\/\/www.google.com\/recaptcha\/api\/fallback?k=6Lc7hM4aAAAAABalFlLWrNvllgzrs2MQSdZMVbyc\" frameborder=\"0\" scrolling=\"no\" width=\"310\" height=\"430\">\r\n\t\t<\/iframe>\r\n\t\t<textarea name=\"g-recaptcha-response\" rows=\"3\" cols=\"40\" placeholder=\"reCaptcha Response Here\">\r\n\t\t<\/textarea>\r\n\t<\/div>\r\n<\/noscript>\r\n<\/span>\n<p><input class=\"wpcf7-form-control wpcf7-submit has-spinner\" type=\"submit\" value=\"ENVIAR MENSAJE\" \/>\n<\/p><p style=\"display: none !important;\" class=\"akismet-fields-container\" data-prefix=\"_wpcf7_ak_\"><label>&#916;<textarea name=\"_wpcf7_ak_hp_textarea\" cols=\"45\" rows=\"8\" maxlength=\"100\"><\/textarea><\/label><input type=\"hidden\" id=\"ak_js_1\" name=\"_wpcf7_ak_js\" value=\"92\"\/><script type=\"text\/javascript\">\n\/* <![CDATA[ *\/\ndocument.getElementById( \"ak_js_1\" ).setAttribute( \"value\", ( new Date() ).getTime() );\n\/* ]]> *\/\n<\/script>\n<\/p><div class=\"wpcf7-response-output\" aria-hidden=\"true\"><\/div>\n<\/form>\n<\/div>\n<\/div><\/div><\/div><\/div><div  class=\"bt_bb_column col-xxl-3 col-xl-3 col-xs-12 col-sm-3 col-md-3 col-lg-3 bt_bb_vertical_align_top bt_bb_align_left bt_bb_padding_normal\" style=\"; --column-width:3;\" data-width=\"3\" data-bt-override-class=\"{}\"><div class=\"bt_bb_column_content\"><div class=\"bt_bb_column_content_inner\"><\/div><\/div><\/div><\/div><\/div><\/div><!-- cell_inner --><\/div><!-- cell --><\/div><!-- port --><div class=\"bt_bb_section_top_section_coverage_image\"><img decoding=\"async\" src=\"https:\/\/dagostino-bruno.com.ar\/wp-content\/uploads\/2022\/03\/arriba-izq-1.png\" alt=\"bt_bb_section_top_section_coverage_image\" \/><\/div><div class=\"bt_bb_section_bottom_section_coverage_image\"><img decoding=\"async\" src=\"https:\/\/dagostino-bruno.com.ar\/wp-content\/uploads\/2022\/03\/abajo-der.png\" alt=\"bt_bb_section_bottom_section_coverage_image\" \/><\/div><\/section><\/p>\n","protected":false},"excerpt":{"rendered":"","protected":false},"author":4,"featured_media":0,"parent":0,"menu_order":0,"comment_status":"closed","ping_status":"closed","template":"","meta":{"footnotes":""},"class_list":["post-5782","page","type-page","status-publish","hentry"],"_links":{"self":[{"href":"https:\/\/dagostino-bruno.com.ar\/en\/wp-json\/wp\/v2\/pages\/5782","targetHints":{"allow":["GET"]}}],"collection":[{"href":"https:\/\/dagostino-bruno.com.ar\/en\/wp-json\/wp\/v2\/pages"}],"about":[{"href":"https:\/\/dagostino-bruno.com.ar\/en\/wp-json\/wp\/v2\/types\/page"}],"author":[{"embeddable":true,"href":"https:\/\/dagostino-bruno.com.ar\/en\/wp-json\/wp\/v2\/users\/4"}],"replies":[{"embeddable":true,"href":"https:\/\/dagostino-bruno.com.ar\/en\/wp-json\/wp\/v2\/comments?post=5782"}],"version-history":[{"count":21,"href":"https:\/\/dagostino-bruno.com.ar\/en\/wp-json\/wp\/v2\/pages\/5782\/revisions"}],"predecessor-version":[{"id":10083,"href":"https:\/\/dagostino-bruno.com.ar\/en\/wp-json\/wp\/v2\/pages\/5782\/revisions\/10083"}],"wp:attachment":[{"href":"https:\/\/dagostino-bruno.com.ar\/en\/wp-json\/wp\/v2\/media?parent=5782"}],"curies":[{"name":"wp","href":"https:\/\/api.w.org\/{rel}","templated":true}]}}