{"id":5190,"date":"2022-03-09T17:30:02","date_gmt":"2022-03-09T20:30:02","guid":{"rendered":"http:\/\/dagostino-bruno.com.ar\/?page_id=5190"},"modified":"2025-01-30T12:05:47","modified_gmt":"2025-01-30T15:05:47","slug":"adn-fetal","status":"publish","type":"page","link":"https:\/\/dagostino-bruno.com.ar\/en\/adn-fetal\/","title":{"rendered":"Estudio de ADN Fetal &#8211; Controla tu Embarazo"},"content":{"rendered":"<p><section id=\"bt_bb_section69d1b6bc46a02\" class=\"bt_bb_section bt_bb_color_scheme_9 bt_bb_layout_boxed_1200 bt_bb_vertical_align_top bt_bb_bottom_section_coverage_image bt_bb_section_with_bottom_coverage_image bt_bb_top_spacing_large bt_bb_bottom_spacing_extra_large bioquimicos-header medicos\" style=\"; --section-primary-color:#191919; --section-secondary-color:#16325c;\" data-bt-override-class=\"null\"><div class=\"bt_bb_background_image_holder_wrapper\"><div class=\"bt_bb_background_image_holder btLazyLoadBackground bt_bb_parallax\"  data-background_image_src=\"https:\/\/dagostino-bruno.com.ar\/wp-content\/uploads\/2022\/03\/fondo1.jpg\" data-parallax=\"0.1\" data-parallax-offset=\"-50\" data-parallax-zoom-start=\"1\" data-parallax-zoom-end=\"1\" data-parallax-blur-start=\"0\" data-parallax-blur-end=\"0\" data-parallax-opacity-start=\"1\" data-parallax-opacity-end=\"1\" style=\" background-image: url(&#039;https:\/\/dagostino-bruno.com.ar\/wp-content\/plugins\/bold-page-builder\/img\/blank.gif&#039;);\"><\/div><\/div><div class=\"bt_bb_port\"><div class=\"bt_bb_cell\"><div class=\"bt_bb_cell_inner\"><div class=\"bt_bb_row\"  data-bt-override-class=\"{}\"><div class=\"bt_bb_row_holder\" ><div  class=\"bt_bb_column col-xxl-8 col-xl-8 bt_bb_vertical_align_top bt_bb_align_left bt_bb_padding_normal bt_bb_animation_fade_in animate\" style=\"; --column-width:8;\" data-width=\"8\" data-bt-override-class=\"{}\"><div class=\"bt_bb_column_content\"><div class=\"bt_bb_column_content_inner\"><header class=\"bt_bb_headline bt_bb_dash_top bt_bb_superheadline bt_bb_subheadline bt_bb_size_large bt_bb_align_inherit bt_bb_hidden_xs bt_bb_hidden_ms\" style=\";color:#16325c;border-color:#16325c;\" data-bt-override-class=\"{&quot;bt_bb_align_&quot;:{&quot;current_class&quot;:&quot;bt_bb_align_inherit&quot;,&quot;def&quot;:&quot;inherit&quot;,&quot;xl&quot;:&quot;inherit&quot;}}\"><h1 class=\"bt_bb_headline_tag\"><span class=\"bt_bb_headline_superheadline\">ESTUDIOS ESPECIALES<\/span><span class=\"bt_bb_headline_content\"><span>ADN <strong>FETAL<\/strong><\/span><\/span><\/h1><div class=\"bt_bb_headline_subheadline\">Te acompa\u00f1amos a controlar<br \/><br \/>\ntu embarazo con la mejor tecnolog\u00eda<\/div><\/header><header class=\"bt_bb_headline bt_bb_dash_top bt_bb_superheadline bt_bb_subheadline bt_bb_size_large bt_bb_align_inherit bt_bb_hidden_sm bt_bb_hidden_md bt_bb_hidden_lg\" style=\";color:#16325c;border-color:#16325c;\" data-bt-override-class=\"{&quot;bt_bb_align_&quot;:{&quot;current_class&quot;:&quot;bt_bb_align_inherit&quot;,&quot;def&quot;:&quot;inherit&quot;,&quot;xl&quot;:&quot;inherit&quot;}}\"><h1 class=\"bt_bb_headline_tag\"><span class=\"bt_bb_headline_superheadline\">ESTUDIOS ESPECIALES<\/span><span class=\"bt_bb_headline_content\"><span>ADN<br \/><br \/>\n<strong>FETAL<\/strong><\/span><\/span><\/h1><div class=\"bt_bb_headline_subheadline\">Te acompa\u00f1amos a controlar tu embarazo con la mejor tecnolog\u00eda<\/div><\/header><div class=\"bt_bb_separator bt_bb_border_style_none bt_bb_border_color_none bt_bb_top_spacing_extra_small bt_bb_bottom_spacing_extra_small\" data-bt-override-class=\"null\"><\/div><\/div><\/div><\/div><div  class=\"bt_bb_column col-xxl-4 col-xl-4 bt_bb_vertical_align_top bt_bb_align_left bt_bb_padding_normal\" style=\"; --column-width:4;\" data-width=\"4\" data-bt-override-class=\"{}\"><div class=\"bt_bb_column_content\"><div class=\"bt_bb_column_content_inner\"><\/div><\/div><\/div><\/div><\/div><\/div><!-- cell_inner --><\/div><!-- cell --><\/div><!-- port --><div class=\"bt_bb_section_bottom_section_coverage_image\"><img decoding=\"async\" src=\"https:\/\/dagostino-bruno.com.ar\/wp-content\/uploads\/2022\/03\/verde.png\" alt=\"bt_bb_section_bottom_section_coverage_image\" \/><\/div><\/section><section id=\"bt_bb_section69d1b6bc46f2b\" class=\"bt_bb_section bt_bb_layout_boxed_1200 bt_bb_vertical_align_top bt_bb_bottom_spacing_normal bt_bb_section_allow_content_outside\" style=\";background-color:#c9e9e6;\" data-bt-override-class=\"null\"><div class=\"bt_bb_port\"><div class=\"bt_bb_cell\"><div class=\"bt_bb_cell_inner\"><div class=\"bt_bb_row\"  data-bt-override-class=\"{}\"><div class=\"bt_bb_row_holder\" ><div  class=\"bt_bb_column col-xxl-12 col-xl-12 col-xs-12 col-sm-12 col-md-12 col-lg-12 bt_bb_vertical_align_top bt_bb_align_left bt_bb_padding_normal\" style=\"; --column-width:12;\" data-width=\"12\" data-bt-override-class=\"{}\"><div class=\"bt_bb_column_content\"><div class=\"bt_bb_column_content_inner\"><div class=\"bt_bb_separator bt_bb_border_style_none bt_bb_border_color_none bt_bb_top_spacing_extra_small bt_bb_bottom_spacing_extra_small\" data-bt-override-class=\"null\"><\/div><div class=\"bt_bb_row_inner\"   data-bt-override-class=\"{}\"><div class=\"bt_bb_row_inner_holder\"  ><div  class=\"bt_bb_column_inner col-xxl-2 col-xl-2 col-xs-12 col-sm-12 col-md-12 col-lg-2 bt_bb_vertical_align_top bt_bb_align_left bt_bb_padding_normal\"  data-width=\"2\" data-bt-override-class=\"{}\"><div class=\"bt_bb_column_inner_content\"><div class=\"bt_bb_column_inner_content_inner\"><div class=\"bt_bb_image bt_bb_shape_square bt_bb_target_self bt_bb_align_inherit bt_bb_hover_style_simple bt_bb_content_display_always bt_bb_content_align_middle\" data-bt-override-class=\"{}\"><span><img loading=\"lazy\" decoding=\"async\" width=\"173\" height=\"166\" src=\"https:\/\/dagostino-bruno.com.ar\/wp-content\/uploads\/2022\/03\/adn.png\" class=\"attachment-full size-full\" alt=\"https:\/\/dagostino-bruno.com.ar\/wp-content\/uploads\/2022\/03\/adn.png\" data-full_image_src=\"https:\/\/dagostino-bruno.com.ar\/wp-content\/uploads\/2022\/03\/adn.png\" title=\"adn\" srcset=\"https:\/\/dagostino-bruno.com.ar\/wp-content\/uploads\/2022\/03\/adn.png 173w, https:\/\/dagostino-bruno.com.ar\/wp-content\/uploads\/2022\/03\/adn-13x12.png 13w\" sizes=\"auto, (max-width: 173px) 100vw, 173px\" \/><\/span><\/div><\/div><\/div><\/div><div  class=\"bt_bb_column_inner col-xxl-8 col-xl-8 col-xs-12 col-sm-12 col-md-12 col-lg-8 bt_bb_vertical_align_top bt_bb_align_right bt_bb_padding_normal\"  data-width=\"8\" data-bt-override-class=\"{&quot;bt_bb_align_&quot;:{&quot;current_class&quot;:&quot;bt_bb_align_right&quot;,&quot;def&quot;:&quot;right&quot;,&quot;xl&quot;:&quot;right&quot;}}\"><div class=\"bt_bb_column_inner_content\"><div class=\"bt_bb_column_inner_content_inner\"><div class=\"bt_bb_separator bt_bb_border_style_none bt_bb_border_color_none bt_bb_top_spacing_extra_small bt_bb_bottom_spacing_small bt_bb_hidden_sm bt_bb_hidden_md bt_bb_hidden_lg\" data-bt-override-class=\"null\"><\/div><div class=\"bt_bb_raw_content\"><iframe loading=\"lazy\" width=\"100%\" height=\"400\" src=\"https:\/\/www.youtube.com\/embed\/DMm36OYqka4\" title=\"YouTube video player\" frameborder=\"0\" allow=\"accelerometer; autoplay; clipboard-write; encrypted-media; gyroscope; picture-in-picture; web-share\" allowfullscreen style=\"border-radius:5px\" class=\"no-mobile\"><\/iframe><\/div><div class=\"bt_bb_raw_content\"><iframe loading=\"lazy\" width=\"100%\" height=\"200\" src=\"https:\/\/www.youtube.com\/embed\/DMm36OYqka4\" title=\"YouTube video player\" frameborder=\"0\" allow=\"accelerometer; autoplay; clipboard-write; encrypted-media; gyroscope; picture-in-picture; web-share\" allowfullscreen style=\"border-radius:5px\" class=\"mobile\"><\/iframe><\/div><\/div><\/div><\/div><div  class=\"bt_bb_column_inner col-xxl-2 col-xl-2 col-xs-12 col-sm-12 col-md-12 col-lg-2 bt_bb_vertical_align_top bt_bb_align_left bt_bb_padding_normal\"  data-width=\"2\" data-bt-override-class=\"{}\"><div class=\"bt_bb_column_inner_content\"><div class=\"bt_bb_column_inner_content_inner\"><\/div><\/div><\/div><\/div><\/div><div class=\"bt_bb_separator bt_bb_border_style_none bt_bb_border_color_none bt_bb_top_spacing_normal bt_bb_bottom_spacing_small\" data-bt-override-class=\"null\"><\/div><div  class=\"bt_bb_text\" ><\/p>\n<h5><strong>Utilizando la tecnolog\u00eda de Illumina, el estudio de ADN fetal permite conocer de forma segura, temprana y confiable la salud gen\u00e9tica del feto mediante la toma de una muestra de sangre materna a partir de la semana 10 de gestaci\u00f3n en forma no invasiva.<\/strong><\/h5>\n<p>\n<\/div><div class=\"bt_bb_separator bt_bb_border_style_none bt_bb_border_color_none bt_bb_top_spacing_small bt_bb_bottom_spacing_normal\" data-bt-override-class=\"null\"><\/div><div  class=\"bt_bb_text\" ><\/p>\n<h5>Qu\u00e9 enfermedades gen\u00e9ticas se detectan?<\/h5>\n<h4><\/h4>\n<h4>PANEL SIMPLE<\/h4>\n<h5><img loading=\"lazy\" decoding=\"async\" class=\"alignnone wp-image-5198\" src=\"https:\/\/dagostino-bruno.com.ar\/wp-content\/uploads\/2022\/03\/op-e1646858308713.png\" alt=\"\" width=\"18\" height=\"18\" \/>\u00a0Trisom\u00eda 21 <span style=\"font-weight: normal;\">(S\u00edndrome de Down).<\/span><\/h5>\n<h5><img loading=\"lazy\" decoding=\"async\" class=\"alignnone wp-image-5198\" src=\"https:\/\/dagostino-bruno.com.ar\/wp-content\/uploads\/2022\/03\/op-e1646858308713.png\" alt=\"\" width=\"18\" height=\"18\" \/> Trisom\u00eda 18 <span style=\"font-weight: normal;\">(S\u00edndrome de Edwards).<\/span><\/h5>\n<h5><img loading=\"lazy\" decoding=\"async\" class=\"alignnone wp-image-5198\" src=\"https:\/\/dagostino-bruno.com.ar\/wp-content\/uploads\/2022\/03\/op-e1646858308713.png\" alt=\"\" width=\"18\" height=\"18\" \/>\u00a0Trisom\u00eda 13 <span style=\"font-weight: normal;\">(S\u00edndrome de Patau).<br \/>\n<\/span><\/h5>\n<h5><img loading=\"lazy\" decoding=\"async\" class=\"alignnone wp-image-5198\" src=\"https:\/\/dagostino-bruno.com.ar\/wp-content\/uploads\/2022\/03\/op-e1646858308713.png\" alt=\"\" width=\"18\" height=\"18\" \/>\u00a0Aneuploid\u00edas en los cromosomas del par sexual:<\/h5>\n<ul>\n<li>Monosom\u00eda de X (S\u00edndrome de Turner)<\/li>\n<li>Trisom\u00eda X (S\u00edndrome de Triple X)<\/li>\n<li>XXY (S\u00edndrome de Klinefelter)<\/li>\n<li>XYY (S\u00edndrome de Jacobs).<\/li>\n<\/ul>\n<h5><img loading=\"lazy\" decoding=\"async\" class=\"alignnone wp-image-5198\" src=\"https:\/\/dagostino-bruno.com.ar\/wp-content\/uploads\/2022\/03\/op-e1646858308713.png\" alt=\"\" width=\"18\" height=\"18\" \/> Sexo fetal (opcional)<\/h5>\n<h5><\/h5>\n<h4>PANEL COMPLETO<\/h4>\n<h5><img loading=\"lazy\" decoding=\"async\" class=\"alignnone wp-image-5198\" src=\"https:\/\/dagostino-bruno.com.ar\/wp-content\/uploads\/2022\/03\/op-e1646858308713.png\" alt=\"\" width=\"18\" height=\"18\" \/>\u00a0Trisom\u00eda 21 <span style=\"font-weight: normal;\">(S\u00edndrome de Down).<\/span><\/h5>\n<h5><img loading=\"lazy\" decoding=\"async\" class=\"alignnone wp-image-5198\" src=\"https:\/\/dagostino-bruno.com.ar\/wp-content\/uploads\/2022\/03\/op-e1646858308713.png\" alt=\"\" width=\"18\" height=\"18\" \/> Trisom\u00eda 18 <span style=\"font-weight: normal;\">(S\u00edndrome de Edwards).<\/span><\/h5>\n<h5><img loading=\"lazy\" decoding=\"async\" class=\"alignnone wp-image-5198\" src=\"https:\/\/dagostino-bruno.com.ar\/wp-content\/uploads\/2022\/03\/op-e1646858308713.png\" alt=\"\" width=\"18\" height=\"18\" \/>\u00a0Trisom\u00eda 13 <span style=\"font-weight: normal;\">(S\u00edndrome de Patau).<br \/>\n<\/span><\/h5>\n<h5><img loading=\"lazy\" decoding=\"async\" class=\"alignnone wp-image-5198\" src=\"https:\/\/dagostino-bruno.com.ar\/wp-content\/uploads\/2022\/03\/op-e1646858308713.png\" alt=\"\" width=\"18\" height=\"18\" \/>\u00a0Aneuploid\u00edas en los cromosomas del par sexual:<\/h5>\n<ul>\n<li>Monosom\u00eda de X (S\u00edndrome de Turner)<\/li>\n<li>Trisom\u00eda X (S\u00edndrome de Triple X)<\/li>\n<li>XXY (S\u00edndrome de Klinefelter)<\/li>\n<li>XYY (S\u00edndrome de Jacobs).<\/li>\n<\/ul>\n<h5><img loading=\"lazy\" decoding=\"async\" class=\"alignnone wp-image-5198\" src=\"https:\/\/dagostino-bruno.com.ar\/wp-content\/uploads\/2022\/03\/op-e1646858308713.png\" alt=\"\" width=\"18\" height=\"18\" \/> Aneuploid\u00edas en los 23 pares de cromosomas.<\/h5>\n<p><span style=\"font-weight: normal;\">Incluye las trisom\u00edas m\u00e1s frecuentes en abortos espont\u00e1neos del primer trimestre.<\/span><\/p>\n<h5><img loading=\"lazy\" decoding=\"async\" class=\"alignnone wp-image-5198\" src=\"https:\/\/dagostino-bruno.com.ar\/wp-content\/uploads\/2022\/03\/op-e1646858308713.png\" alt=\"\" width=\"18\" height=\"18\" \/>\u00a0S\u00edndromes de microdeleciones:<\/h5>\n<ul>\n<li>Deleci\u00f3n 1p36<\/li>\n<li>S\u00edndrome de Wolf-Hirshhorn<\/li>\n<li>S\u00edndrome de Cri du Chat<\/li>\n<li>S\u00edndrome de Prader Willi<\/li>\n<li>S\u00edndrome de Angelman<\/li>\n<li>S\u00edndrome de Di George<\/li>\n<\/ul>\n<h5><img loading=\"lazy\" decoding=\"async\" class=\"alignnone wp-image-5198\" src=\"https:\/\/dagostino-bruno.com.ar\/wp-content\/uploads\/2022\/03\/op-e1646858308713.png\" alt=\"\" width=\"18\" height=\"18\" \/> Sexo fetal (opcional)<\/h5>\n<h5>Para embarazos m\u00faltiples se considera un panel simple que incluye trisom\u00edas en los cromosomas 13, 18, 21 y la detecci\u00f3n de presencia del cromosoma Y.<\/h5>\n<h5>La muestra se toma en nuestro laboratorio de lunes a jueves de 7 a 12hs\u00a0 y el resultado se entrega dentro de los 10 a 12 d\u00edas h\u00e1biles a partir de tomada la muestra. No se requiere ayuno.<\/h5>\n<h5>Los resultados de este estudio gen\u00e9tico deber\u00e1n ser evaluados por el m\u00e9dico solicitante en el contexto de tus antecedentes personales y estudios complementarios.<\/h5>\n<h5><em><strong>Para mayor informaci\u00f3n complet\u00e1 los siguientes datos y nos contactaremos\u00a0 a la brevedad.<\/strong><\/em><\/h5>\n<p>\n<\/div><div class=\"bt_bb_separator bt_bb_border_style_none bt_bb_border_color_none bt_bb_top_spacing_normal bt_bb_bottom_spacing_normal\" data-bt-override-class=\"null\"><\/div><\/div><\/div><\/div><\/div><\/div><\/div><!-- cell_inner --><\/div><!-- cell --><\/div><!-- port --><\/section><section id=\"bt_bb_section69d1b6bc482ae\" class=\"bt_bb_section bt_bb_layout_boxed_1200 bt_bb_vertical_align_top bt_bb_top_section_coverage_image bt_bb_section_with_top_coverage_image bt_bb_bottom_section_coverage_image bt_bb_section_with_bottom_coverage_image bt_bb_top_spacing_large bt_bb_bottom_spacing_large formulario-esp\" style=\";background-color:#00a8a5;\" data-bt-override-class=\"null\"><div class=\"bt_bb_port\"><div class=\"bt_bb_cell\"><div class=\"bt_bb_cell_inner\"><div class=\"bt_bb_row\"  data-bt-override-class=\"{}\"><div class=\"bt_bb_row_holder\" ><div  class=\"bt_bb_column col-xxl-3 col-xl-3 col-xs-12 col-sm-3 col-md-3 col-lg-3 bt_bb_vertical_align_top bt_bb_align_left bt_bb_padding_normal\" style=\"; --column-width:3;\" data-width=\"3\" data-bt-override-class=\"{}\"><div class=\"bt_bb_column_content\"><div class=\"bt_bb_column_content_inner\"><\/div><\/div><\/div><div  class=\"bt_bb_column col-xxl-6 col-xl-6 col-xs-12 col-sm-6 col-md-6 col-lg-6 bt_bb_vertical_align_top bt_bb_align_center bt_bb_padding_normal bt_bb_details-color_white\" style=\"; --column-width:6;\" data-width=\"6\" data-bt-override-class=\"{&quot;bt_bb_align_&quot;:{&quot;current_class&quot;:&quot;bt_bb_align_center&quot;,&quot;def&quot;:&quot;center&quot;,&quot;xl&quot;:&quot;center&quot;}}\"><div class=\"bt_bb_column_content\"><div class=\"bt_bb_column_content_inner\"><header class=\"bt_bb_headline bt_bb_dash_none bt_bb_size_inherit bt_bb_align_inherit\" style=\";color:#ffffff;border-color:#ffffff;\" data-bt-override-class=\"{&quot;bt_bb_align_&quot;:{&quot;current_class&quot;:&quot;bt_bb_align_inherit&quot;,&quot;def&quot;:&quot;inherit&quot;,&quot;xl&quot;:&quot;inherit&quot;}}\"><h3 class=\"bt_bb_headline_tag\"><span class=\"bt_bb_headline_content\"><span>Contactar con un profesional<\/span><\/span><\/h3><\/header><div class=\"bt_bb_separator bt_bb_border_style_none bt_bb_border_color_none bt_bb_top_spacing_small bt_bb_bottom_spacing_small\" data-bt-override-class=\"null\"><\/div><div class=\"bt_bb_contact_form_7 internas\">\n<div class=\"wpcf7 no-js\" id=\"wpcf7-f5282-o1\" lang=\"en-US\" dir=\"ltr\" data-wpcf7-id=\"5282\">\n<div class=\"screen-reader-response\"><p role=\"status\" aria-live=\"polite\" aria-atomic=\"true\"><\/p> <ul><\/ul><\/div>\n<form action=\"\/en\/wp-json\/wp\/v2\/pages\/5190#wpcf7-f5282-o1\" method=\"post\" class=\"wpcf7-form init\" aria-label=\"Contact form\" novalidate=\"novalidate\" data-status=\"init\" data-trp-original-action=\"\/en\/wp-json\/wp\/v2\/pages\/5190#wpcf7-f5282-o1\">\n<fieldset class=\"hidden-fields-container\"><input type=\"hidden\" name=\"_wpcf7\" value=\"5282\" \/><input type=\"hidden\" name=\"_wpcf7_version\" value=\"6.1.5\" \/><input type=\"hidden\" name=\"_wpcf7_locale\" value=\"en_US\" \/><input type=\"hidden\" name=\"_wpcf7_unit_tag\" value=\"wpcf7-f5282-o1\" \/><input type=\"hidden\" name=\"_wpcf7_container_post\" value=\"0\" \/><input type=\"hidden\" name=\"_wpcf7_posted_data_hash\" value=\"\" \/><input type=\"hidden\" name=\"_wpcf7_recaptcha_response\" value=\"\" \/>\n<\/fieldset>\n<p><span class=\"wpcf7-form-control-wrap\" data-name=\"your-name\"><input size=\"40\" maxlength=\"400\" class=\"wpcf7-form-control wpcf7-text wpcf7-validates-as-required\" aria-required=\"true\" aria-invalid=\"false\" placeholder=\"Name*\" value=\"\" type=\"text\" name=\"your-name\" \/><\/span>\n<\/p>\n<p><span class=\"wpcf7-form-control-wrap\" data-name=\"your-email\"><input size=\"40\" maxlength=\"400\" class=\"wpcf7-form-control wpcf7-email wpcf7-validates-as-required wpcf7-text wpcf7-validates-as-email\" aria-required=\"true\" aria-invalid=\"false\" placeholder=\"Email*\" value=\"\" type=\"email\" name=\"your-email\" \/><\/span>\n<\/p>\n<p><span class=\"wpcf7-form-control-wrap\" data-name=\"tel-185\"><input size=\"40\" maxlength=\"400\" class=\"wpcf7-form-control wpcf7-tel wpcf7-validates-as-required wpcf7-text wpcf7-validates-as-tel\" aria-required=\"true\" aria-invalid=\"false\" placeholder=\"Tel\u00e9fono\" value=\"\" type=\"tel\" name=\"tel-185\" \/><\/span>\n<\/p>\n<p><span class=\"wpcf7-form-control-wrap\" data-name=\"your-message\"><textarea cols=\"40\" rows=\"10\" maxlength=\"2000\" class=\"wpcf7-form-control wpcf7-textarea\" aria-invalid=\"false\" placeholder=\"Message\" name=\"your-message\"><\/textarea><\/span>\n<\/p>\n<span class=\"wpcf7-form-control-wrap recaptcha\" data-name=\"recaptcha\"><span data-sitekey=\"6Lc7hM4aAAAAABalFlLWrNvllgzrs2MQSdZMVbyc\" class=\"wpcf7-form-control wpcf7-recaptcha g-recaptcha\"><\/span>\r\n<noscript>\r\n\t<div class=\"grecaptcha-noscript\">\r\n\t\t<iframe loading=\"lazy\" src=\"https:\/\/www.google.com\/recaptcha\/api\/fallback?k=6Lc7hM4aAAAAABalFlLWrNvllgzrs2MQSdZMVbyc\" frameborder=\"0\" scrolling=\"no\" width=\"310\" height=\"430\">\r\n\t\t<\/iframe>\r\n\t\t<textarea name=\"g-recaptcha-response\" rows=\"3\" cols=\"40\" placeholder=\"reCaptcha Response Here\">\r\n\t\t<\/textarea>\r\n\t<\/div>\r\n<\/noscript>\r\n<\/span>\n<p><input class=\"wpcf7-form-control wpcf7-submit has-spinner\" type=\"submit\" value=\"SEND MESSAGE\" \/>\n<\/p><p style=\"display: none !important;\" class=\"akismet-fields-container\" data-prefix=\"_wpcf7_ak_\"><label>&#916;<textarea name=\"_wpcf7_ak_hp_textarea\" cols=\"45\" rows=\"8\" maxlength=\"100\"><\/textarea><\/label><input type=\"hidden\" id=\"ak_js_1\" name=\"_wpcf7_ak_js\" value=\"191\"\/><script>document.getElementById( \"ak_js_1\" ).setAttribute( \"value\", ( new Date() ).getTime() );<\/script><\/p><div class=\"wpcf7-response-output\" aria-hidden=\"true\"><\/div>\n<input type=\"hidden\" name=\"trp-form-language\" value=\"en\"\/><\/form>\n<\/div>\n<\/div><\/div><\/div><\/div><div  class=\"bt_bb_column col-xxl-3 col-xl-3 col-xs-12 col-sm-3 col-md-3 col-lg-3 bt_bb_vertical_align_top bt_bb_align_left bt_bb_padding_normal\" style=\"; --column-width:3;\" data-width=\"3\" data-bt-override-class=\"{}\"><div class=\"bt_bb_column_content\"><div class=\"bt_bb_column_content_inner\"><\/div><\/div><\/div><\/div><\/div><\/div><!-- cell_inner --><\/div><!-- cell --><\/div><!-- port --><div class=\"bt_bb_section_top_section_coverage_image\"><img decoding=\"async\" src=\"https:\/\/dagostino-bruno.com.ar\/wp-content\/uploads\/2022\/03\/arriba-izq-1.png\" alt=\"bt_bb_section_top_section_coverage_image\" \/><\/div><div class=\"bt_bb_section_bottom_section_coverage_image\"><img decoding=\"async\" src=\"https:\/\/dagostino-bruno.com.ar\/wp-content\/uploads\/2022\/03\/abajo-der.png\" alt=\"bt_bb_section_bottom_section_coverage_image\" \/><\/div><\/section><\/p>","protected":false},"excerpt":{"rendered":"","protected":false},"author":4,"featured_media":0,"parent":0,"menu_order":0,"comment_status":"closed","ping_status":"closed","template":"","meta":{"footnotes":""},"class_list":["post-5190","page","type-page","status-publish","hentry"],"_links":{"self":[{"href":"https:\/\/dagostino-bruno.com.ar\/en\/wp-json\/wp\/v2\/pages\/5190","targetHints":{"allow":["GET"]}}],"collection":[{"href":"https:\/\/dagostino-bruno.com.ar\/en\/wp-json\/wp\/v2\/pages"}],"about":[{"href":"https:\/\/dagostino-bruno.com.ar\/en\/wp-json\/wp\/v2\/types\/page"}],"author":[{"embeddable":true,"href":"https:\/\/dagostino-bruno.com.ar\/en\/wp-json\/wp\/v2\/users\/4"}],"replies":[{"embeddable":true,"href":"https:\/\/dagostino-bruno.com.ar\/en\/wp-json\/wp\/v2\/comments?post=5190"}],"version-history":[{"count":93,"href":"https:\/\/dagostino-bruno.com.ar\/en\/wp-json\/wp\/v2\/pages\/5190\/revisions"}],"predecessor-version":[{"id":6456,"href":"https:\/\/dagostino-bruno.com.ar\/en\/wp-json\/wp\/v2\/pages\/5190\/revisions\/6456"}],"wp:attachment":[{"href":"https:\/\/dagostino-bruno.com.ar\/en\/wp-json\/wp\/v2\/media?parent=5190"}],"curies":[{"name":"wp","href":"https:\/\/api.w.org\/{rel}","templated":true}]}}