{"id":4010,"date":"2021-04-08T16:19:55","date_gmt":"2021-04-08T19:19:55","guid":{"rendered":"http:\/\/dagostino-bruno.com.ar\/?page_id=4010"},"modified":"2025-10-02T16:21:36","modified_gmt":"2025-10-02T19:21:36","slug":"calidad","status":"publish","type":"page","link":"https:\/\/dagostino-bruno.com.ar\/en\/calidad\/","title":{"rendered":"Quality"},"content":{"rendered":"<p><section id=\"bt_bb_section6a008898e0830\" class=\"bt_bb_section bt_bb_color_scheme_9 bt_bb_layout_boxed_1200 bt_bb_vertical_align_top bt_bb_bottom_section_coverage_image bt_bb_section_with_bottom_coverage_image bt_bb_top_spacing_large bt_bb_bottom_spacing_extra_large\" style=\"; --section-primary-color:#191919; --section-secondary-color:#16325c;\" data-bt-override-class=\"null\"><div class=\"bt_bb_background_image_holder_wrapper\"><div class=\"bt_bb_background_image_holder btLazyLoadBackground bt_bb_parallax\"  data-background_image_src=\"https:\/\/dagostino-bruno.com.ar\/wp-content\/uploads\/2021\/04\/CALIDAD.jpg\" data-parallax=\"0.2\" data-parallax-offset=\"-100\" data-parallax-zoom-start=\"1\" data-parallax-zoom-end=\"1\" data-parallax-blur-start=\"0\" data-parallax-blur-end=\"0\" data-parallax-opacity-start=\"1\" data-parallax-opacity-end=\"1\" style=\" background-image: url(&#039;https:\/\/dagostino-bruno.com.ar\/wp-content\/plugins\/bold-page-builder\/img\/blank.gif&#039;);\"><\/div><\/div><div class=\"bt_bb_port\"><div class=\"bt_bb_cell\"><div class=\"bt_bb_cell_inner\"><div class=\"bt_bb_row \"  data-bt-override-class=\"{}\"><div class=\"bt_bb_row_holder\" ><div  class=\"bt_bb_column col-xxl-6 col-xl-6 bt_bb_vertical_align_top bt_bb_align_left bt_bb_padding_normal bt_bb_animation_fade_in animate\" style=\"; --column-width:6;\" data-width=\"6\" data-bt-override-class=\"{}\"><div class=\"bt_bb_column_content\"><div class=\"bt_bb_column_content_inner\"><header class=\"bt_bb_headline bt_bb_dash_top bt_bb_superheadline bt_bb_size_large bt_bb_align_inherit bt_bb_hidden_xs bt_bb_hidden_ms\" style=\";color:#16325c;border-color:#16325c;\" data-bt-override-class=\"{&quot;bt_bb_align_&quot;:{&quot;current_class&quot;:&quot;bt_bb_align_inherit&quot;,&quot;def&quot;:&quot;inherit&quot;,&quot;xl&quot;:&quot;inherit&quot;}}\"><h1 class=\"bt_bb_headline_tag\"><span class=\"bt_bb_headline_superheadline\">CALIDAD<\/span><span class=\"bt_bb_headline_content\"><span>Conozca nuestro <strong>sistema de calidad<\/strong><\/span><\/span><\/h1><\/header><header data-bb-version=\"5.4.7\" class=\"bt_bb_headline bt_bb_dash_top bt_bb_superheadline bt_bb_size_large bt_bb_align_inherit bt_bb_hidden_sm bt_bb_hidden_md bt_bb_hidden_lg bt_bb_hidden_xl\" style=\";color:#16325c;border-color:#16325c;\" data-bt-override-class=\"{&quot;bt_bb_size_&quot;:{&quot;current_class&quot;:&quot;bt_bb_size_large&quot;,&quot;def&quot;:&quot;large&quot;},&quot;bt_bb_align_&quot;:{&quot;current_class&quot;:&quot;bt_bb_align_inherit&quot;,&quot;def&quot;:&quot;inherit&quot;},&quot;bt_bb_animation_&quot;:{&quot;current_class&quot;:&quot;bt_bb_animation_no_animation&quot;,&quot;def&quot;:&quot;no_animation&quot;}}\"><h1 class=\"bt_bb_headline_tag\"><span class=\"bt_bb_headline_superheadline\">CALIDAD<\/span><span class=\"bt_bb_headline_content\"><span>Conozca nuestro <strong>sistema de calidad<\/strong><\/span><\/span><\/h1><\/header><div class=\"bt_bb_separator bt_bb_border_style_none bt_bb_border_color_none bt_bb_top_spacing_normal bt_bb_bottom_spacing_normal\" data-bt-override-class=\"null\"><\/div><\/div><\/div><\/div><div  class=\"bt_bb_column col-xxl-6 col-xl-6 bt_bb_vertical_align_top bt_bb_align_left bt_bb_padding_normal\" style=\"; --column-width:6;\" data-width=\"6\" data-bt-override-class=\"{}\"><div class=\"bt_bb_column_content\"><div class=\"bt_bb_column_content_inner\"><\/div><\/div><\/div><\/div><\/div><\/div><!-- cell_inner --><\/div><!-- cell --><\/div><!-- port --><div class=\"bt_bb_section_bottom_section_coverage_image\"><img decoding=\"async\" src=\"https:\/\/dagostino-bruno.com.ar\/wp-content\/uploads\/2021\/03\/curvagrisabajo.png\" alt=\"bt_bb_section_bottom_section_coverage_image\" \/><\/div><\/section><section id=\"bt_bb_section6a008898e0cde\" class=\"bt_bb_section bt_bb_layout_boxed_1200 bt_bb_vertical_align_top bt_bb_bottom_spacing_large bt_bb_section_allow_content_outside\" style=\";background-color:#dcddde;\" data-bt-override-class=\"null\"><div class=\"bt_bb_port\"><div class=\"bt_bb_cell\"><div class=\"bt_bb_cell_inner\"><div class=\"bt_bb_row \"  data-bt-override-class=\"{}\"><div class=\"bt_bb_row_holder\" ><div  class=\"bt_bb_column col-xxl-12 col-xl-12 col-xs-12 col-sm-12 col-md-12 col-lg-12 bt_bb_vertical_align_top bt_bb_align_left bt_bb_padding_normal\" style=\"; --column-width:12;\" data-width=\"12\" data-bt-override-class=\"{}\"><div class=\"bt_bb_column_content\"><div class=\"bt_bb_column_content_inner\"><div class=\"bt_bb_image bt_bb_shape_square bt_bb_target_self bt_bb_align_inherit bt_bb_hover_style_simple bt_bb_content_display_always bt_bb_content_align_middle\" data-bt-override-class=\"{}\"><span><img loading=\"lazy\" decoding=\"async\" width=\"102\" height=\"102\" src=\"https:\/\/dagostino-bruno.com.ar\/wp-content\/uploads\/2021\/04\/calidadico.png\" class=\"attachment-full size-full\" alt=\"https:\/\/dagostino-bruno.com.ar\/wp-content\/uploads\/2021\/04\/calidadico.png\" data-full_image_src=\"https:\/\/dagostino-bruno.com.ar\/wp-content\/uploads\/2021\/04\/calidadico.png\" title=\"calidadico\" \/><\/span><\/div><div class=\"bt_bb_separator bt_bb_border_style_none bt_bb_border_color_none bt_bb_top_spacing_normal bt_bb_bottom_spacing_normal\" data-bt-override-class=\"null\"><\/div><header class=\"bt_bb_headline bt_bb_color_scheme_12 bt_bb_dash_top bt_bb_superheadline bt_bb_size_normal bt_bb_align_inherit\" style=\"; --primary-color:#16325c; --secondary-color:#00afde;\" data-bt-override-class=\"{&quot;bt_bb_align_&quot;:{&quot;current_class&quot;:&quot;bt_bb_align_inherit&quot;,&quot;def&quot;:&quot;inherit&quot;,&quot;xl&quot;:&quot;inherit&quot;}}\"><h3 class=\"bt_bb_headline_tag\"><span class=\"bt_bb_headline_superheadline\"> <\/span><span class=\"bt_bb_headline_content\"><span> <\/span><\/span><\/h3><\/header><div class=\"bt_bb_separator bt_bb_border_style_none bt_bb_border_color_none bt_bb_top_spacing_small bt_bb_bottom_spacing_small\" data-bt-override-class=\"null\"><\/div><div  class=\"bt_bb_text texto-grande\" ><\/p>\n<h5><strong>El Laboratorio D\u2019Agostino-Bruno, desde su fundaci\u00f3n, est\u00e1 comprometido con la mejora continua de la calidad, ofreciendo un servicio de excelencia en los An\u00e1lisis Bioqu\u00edmicos.<\/strong><\/h5>\n<h5>Este esfuerzo es realizado diariamente por todo el equipo de trabajo, con la atenci\u00f3n personalizada al p\u00fablico, el control de la calidad anal\u00edtica, la incorporaci\u00f3n de los \u00faltimos adelantos tecnol\u00f3gicos y la continua capacitaci\u00f3n del personal.<\/h5>\n<h5>Nuestro sistema de calidad est\u00e1 orientado a satisfacer las necesidades de nuestros<br \/>\nclientes cumpliendo con los m\u00e1s altos est\u00e1ndares.<\/h5>\n<p>\n<\/div><div class=\"bt_bb_separator bt_bb_border_style_none bt_bb_border_color_none bt_bb_top_spacing_medium bt_bb_bottom_spacing_medium\" data-bt-override-class=\"null\"><\/div><\/div><\/div><\/div><\/div><\/div><div class=\"bt_bb_row  politica\"  data-bt-override-class=\"{}\"><div class=\"bt_bb_row_holder\" ><div  class=\"bt_bb_column col-xxl-6 col-xl-6 col-lg-6 bt_bb_vertical_align_top bt_bb_align_left bt_bb_padding_double bt_bb_animation_fade_in animate bt_bb_details-color_white\" style=\"; --column-width:6;\" data-width=\"6\" data-bt-override-class=\"{&quot;bt_bb_align_&quot;:{&quot;current_class&quot;:&quot;bt_bb_align_left&quot;,&quot;def&quot;:&quot;left&quot;,&quot;xl&quot;:&quot;left&quot;}}\"><div class=\"bt_bb_column_content\"><div class=\"bt_bb_column_content_inner\"><header class=\"bt_bb_headline bt_bb_color_scheme_12 bt_bb_dash_top bt_bb_superheadline bt_bb_subheadline bt_bb_size_normal bt_bb_align_inherit\" style=\"; --primary-color:#16325c; --secondary-color:#00afde;\" data-bt-override-class=\"{&quot;bt_bb_align_&quot;:{&quot;current_class&quot;:&quot;bt_bb_align_inherit&quot;,&quot;def&quot;:&quot;inherit&quot;,&quot;xl&quot;:&quot;inherit&quot;}}\"><h3 class=\"bt_bb_headline_tag\"><span class=\"bt_bb_headline_superheadline\">CALIDAD<\/span><span class=\"bt_bb_headline_content\"><span>Nuestra pol\u00edtica<\/span><\/span><\/h3><div class=\"bt_bb_headline_subheadline\">El Laboratorio D\u2019Agostino-Bruno ofrece la prestaci\u00f3n de un servicio de excelencia en todos sus aspectos:<\/div><\/header><div class=\"bt_bb_separator bt_bb_border_style_none bt_bb_bottom_spacing_normal\" data-bt-override-class=\"null\"><\/div><div  class=\"bt_bb_text\" ><\/p>\n<ul>\n<li>Garantizando la confiabilidad del resultado de la determinaci\u00f3n individual, utilizando m\u00e9todos y valores de referencia apropiados sobre muestras correctas.<\/li>\n<li>Brindando capacidad de respuesta en tiempos \u00f3ptimos.<\/li>\n<li>Ofreciendo una atenci\u00f3n personalizada, c\u00e1lida y profesional.<\/li>\n<li>Informando y asesorando sobre aspectos bioqu\u00edmicos de utilidad.<\/li>\n<li>Manteniendo confidencialidad en la identidad del paciente.<\/li>\n<\/ul>\n<p>\n<\/div><\/div><\/div><\/div><div  class=\"bt_bb_column col-xxl-6 col-xl-6 col-lg-6 bt_bb_vertical_align_top bt_bb_align_left bt_bb_padding_normal bt_bb_animation_fade_in animate bt_bb_details-color_white\" style=\"position: relative;; --column-width:6;\" data-width=\"6\" data-bt-override-class=\"{&quot;bt_bb_align_&quot;:{&quot;current_class&quot;:&quot;bt_bb_align_left&quot;,&quot;def&quot;:&quot;left&quot;,&quot;xl&quot;:&quot;left&quot;}}\"><div class=\"bt_bb_column_content\"><div class=\"bt_bb_column_content_inner\"><div class=\"bt_bb_image bt_bb_shape_square bt_bb_target_self bt_bb_align_inherit bt_bb_hover_style_simple bt_bb_content_display_always bt_bb_content_align_middle\" data-bt-override-class=\"{}\"><span><img loading=\"lazy\" decoding=\"async\" width=\"533\" height=\"641\" src=\"https:\/\/dagostino-bruno.com.ar\/wp-content\/uploads\/2021\/04\/calidadfotos.png\" class=\"attachment-full size-full\" alt=\"https:\/\/dagostino-bruno.com.ar\/wp-content\/uploads\/2021\/04\/calidadfotos.png\" data-full_image_src=\"https:\/\/dagostino-bruno.com.ar\/wp-content\/uploads\/2021\/04\/calidadfotos.png\" title=\"calidadfotos\" srcset=\"https:\/\/dagostino-bruno.com.ar\/wp-content\/uploads\/2021\/04\/calidadfotos.png 533w, https:\/\/dagostino-bruno.com.ar\/wp-content\/uploads\/2021\/04\/calidadfotos-320x385.png 320w\" sizes=\"auto, (max-width: 533px) 100vw, 533px\" \/><\/span><\/div><div class=\"bt_bb_image bt_bb_shape_square bt_bb_target_self bt_bb_align_right bt_bb_hover_style_simple bt_bb_content_display_always bt_bb_content_align_middle\" data-bt-override-class=\"{}\"><span><img loading=\"lazy\" decoding=\"async\" width=\"224\" height=\"191\" src=\"https:\/\/dagostino-bruno.com.ar\/wp-content\/uploads\/2023\/11\/sellos.png\" class=\"attachment-full size-full\" alt=\"https:\/\/dagostino-bruno.com.ar\/wp-content\/uploads\/2023\/11\/sellos.png\" data-full_image_src=\"https:\/\/dagostino-bruno.com.ar\/wp-content\/uploads\/2023\/11\/sellos.png\" title=\"sellos\" srcset=\"https:\/\/dagostino-bruno.com.ar\/wp-content\/uploads\/2023\/11\/sellos.png 224w, https:\/\/dagostino-bruno.com.ar\/wp-content\/uploads\/2023\/11\/sellos-14x12.png 14w\" sizes=\"auto, (max-width: 224px) 100vw, 224px\" \/><\/span><\/div><\/div><\/div><\/div><\/div><\/div><div class=\"bt_bb_row \"  data-bt-override-class=\"{}\"id=\"certificados\"><div class=\"bt_bb_row_holder\" ><div  class=\"bt_bb_column col-xxl-12 col-xl-12 col-xs-12 col-sm-12 col-md-12 col-lg-12 bt_bb_vertical_align_top bt_bb_align_left bt_bb_padding_normal\" style=\"; --column-width:12;\" data-width=\"12\" data-bt-override-class=\"{}\"><div class=\"bt_bb_column_content\"><div class=\"bt_bb_column_content_inner\"><div class=\"bt_bb_separator btWithText bt_bb_border_style_solid bt_bb_border_color_none bt_bb_top_spacing_medium bt_bb_bottom_spacing_medium\" style=\"; border-width: 1; opacity: 1\" data-bt-override-class=\"null\"><span class=\"bt_bb_separator_text\">Certificados<\/span><\/div><div class=\"bt_bb_slider bt_bb_height_auto bt_bb_multiple_slides bt_bb_animation_slide animate\"><div class=\"slick-slider\"  data-slick='{ \"lazyLoad\": \"progressive\", \"cssEase\": \"ease-out\", \"speed\": \"300\", \"adaptiveHeight\": true, \"prevArrow\": \"&lt;button type=\\\"button\\\" class=\\\"slick-prev\\\" aria-label=\\\"Previous\\\" tabindex=\\\"0\\\" role=\\\"button\\\"&gt;&lt;\/button&gt;\", \"nextArrow\": \"&lt;button type=\\\"button\\\" class=\\\"slick-next\\\" aria-label=\\\"Next\\\" tabindex=\\\"0\\\" role=\\\"button\\\"&gt;&lt;\/button&gt;\",\"slidesToShow\": 3, \"autoplay\": true, \"autoplaySpeed\": 3000,\"slidesToShow\": 3, \"responsive\": [{ \"breakpoint\": 481, \"settings\": { \"slidesToShow\": 1, \"slidesToScroll\": 1 } },{ \"breakpoint\": 769, \"settings\": { \"slidesToShow\": 2, \"slidesToScroll\": 2 } },{ \"breakpoint\": 993, \"settings\": { \"slidesToShow\": 3, \"slidesToScroll\": 3 } },{ \"breakpoint\": 1201, \"settings\": { \"slidesToShow\": 3, \"slidesToScroll\": 3 } },{ \"breakpoint\": 1401, \"settings\": { \"slidesToShow\": 3, \"slidesToScroll\": 3 } }]}' ><div class=\"bt_bb_slider_item\" data-src-full=\"https:\/\/dagostino-bruno.com.ar\/wp-content\/uploads\/2023\/04\/SGC-CER-2022-Certificado_INMUNO-ENSAYO.jpg\"><img decoding=\"async\" src=\"https:\/\/dagostino-bruno.com.ar\/wp-content\/uploads\/2023\/04\/SGC-CER-2022-Certificado_INMUNO-ENSAYO.jpg\" alt=\"SGC-CER-2022-Certificado_INMUNO-ENSAYO\"  title=\"SGC-CER-2022-Certificado_INMUNO-ENSAYO\"><\/div><div class=\"bt_bb_slider_item\" data-src-full=\"https:\/\/dagostino-bruno.com.ar\/wp-content\/uploads\/2023\/04\/PEEC-sede-14-participacion-2022.jpg\"><img decoding=\"async\" src=\"https:\/\/dagostino-bruno.com.ar\/wp-content\/uploads\/2023\/04\/PEEC-sede-14-participacion-2022.jpg\" alt=\"PEEC-sede-14-participaci\u00f3n-2022\"  title=\"PEEC-sede-14-participaci\u00f3n-2022\"><\/div><div class=\"bt_bb_slider_item\" data-src-full=\"https:\/\/dagostino-bruno.com.ar\/wp-content\/uploads\/2023\/04\/PEEC-sede-13-participacion-2022.jpg\"><img decoding=\"async\" src=\"https:\/\/dagostino-bruno.com.ar\/wp-content\/uploads\/2023\/04\/PEEC-sede-13-participacion-2022.jpg\" alt=\"PEEC-sede-13-participaci\u00f3n-2022\"  title=\"PEEC-sede-13-participaci\u00f3n-2022\"><\/div><div class=\"bt_bb_slider_item\" data-src-full=\"https:\/\/dagostino-bruno.com.ar\/wp-content\/uploads\/2023\/04\/2022-UNITY-participacion-735887-2022CertificateOfUnityParticipation.jpg\"><img decoding=\"async\" src=\"https:\/\/dagostino-bruno.com.ar\/wp-content\/uploads\/2023\/04\/2022-UNITY-participacion-735887-2022CertificateOfUnityParticipation.jpg\" alt=\"2022-UNITY-participaci\u00f3n--735887-2022CertificateOfUnityParticipation\"  title=\"2022-UNITY-participaci\u00f3n--735887-2022CertificateOfUnityParticipation\"><\/div><div class=\"bt_bb_slider_item\" data-src-full=\"https:\/\/dagostino-bruno.com.ar\/wp-content\/uploads\/2023\/11\/2023-cert-participacion-en-2023-80000168-Constancia-de-participacion-en-2023-enc-60-scaled.jpg\"><img decoding=\"async\" src=\"https:\/\/dagostino-bruno.com.ar\/wp-content\/uploads\/2023\/11\/2023-cert-participacion-en-2023-80000168-Constancia-de-participacion-en-2023-enc-60-scaled.jpg\" alt=\"2023--cert-participaci\u00f3n-en-2023-80000168-Constancia-de-participacion-en-2023-enc-60\"  title=\"2023--cert-participaci\u00f3n-en-2023-80000168-Constancia-de-participacion-en-2023-enc-60\"><\/div><div class=\"bt_bb_slider_item\" data-src-full=\"https:\/\/dagostino-bruno.com.ar\/wp-content\/uploads\/2023\/11\/2023-2026-LABORATORIO-D\u00b4AGOSTINO-9001-iram-scaled.jpg\"><img decoding=\"async\" src=\"https:\/\/dagostino-bruno.com.ar\/wp-content\/uploads\/2023\/11\/2023-2026-LABORATORIO-D\u00b4AGOSTINO-9001-iram-scaled.jpg\" alt=\"2023---2026-LABORATORIO-D\u00b4AGOSTINO-9001-iram\"  title=\"2023---2026-LABORATORIO-D\u00b4AGOSTINO-9001-iram\"><\/div><div class=\"bt_bb_slider_item\" data-src-full=\"https:\/\/dagostino-bruno.com.ar\/wp-content\/uploads\/2023\/11\/2023-2026-IQNet-Lab-DB-9001-iqnet-scaled.jpg\"><img decoding=\"async\" src=\"https:\/\/dagostino-bruno.com.ar\/wp-content\/uploads\/2023\/11\/2023-2026-IQNet-Lab-DB-9001-iqnet-scaled.jpg\" alt=\"2023---2026-IQNet-Lab-DB-9001-iqnet\"  title=\"2023---2026-IQNet-Lab-DB-9001-iqnet\"><\/div><div class=\"bt_bb_slider_item\" data-src-full=\"https:\/\/dagostino-bruno.com.ar\/wp-content\/uploads\/2024\/01\/2024-PAL-sede-13.jpg\"><img decoding=\"async\" src=\"https:\/\/dagostino-bruno.com.ar\/wp-content\/uploads\/2024\/01\/2024-PAL-sede-13.jpg\" alt=\"2024-PAL-sede-13\"  title=\"2024-PAL-sede-13\"><\/div><div class=\"bt_bb_slider_item\" data-src-full=\"https:\/\/dagostino-bruno.com.ar\/wp-content\/uploads\/2024\/01\/2024-PAL-sede-14.jpg\"><img decoding=\"async\" src=\"https:\/\/dagostino-bruno.com.ar\/wp-content\/uploads\/2024\/01\/2024-PAL-sede-14.jpg\" alt=\"2024-PAL-sede-14\"  title=\"2024-PAL-sede-14\"><\/div><\/div><\/div><\/div><\/div><\/div><\/div><\/div><\/div><!-- cell_inner --><\/div><!-- cell --><\/div><!-- port --><\/section><section id=\"bt_bb_section6a008898e3a41\" class=\"bt_bb_section bt_bb_layout_boxed_1200 bt_bb_vertical_align_top bt_bb_top_spacing_large abajo\" style=\";background-color:#16325c;\" data-bt-override-class=\"null\"><div class=\"bt_bb_port\"><div class=\"bt_bb_cell\"><div class=\"bt_bb_cell_inner\"><div class=\"bt_bb_row  bt_bb_column_gap_0 bt_bb_shape_soft-rounded bt_bb_hidden_xs bt_bb_hidden_ms bt_bb_hidden_sm\" style=\"margin: 0 0.2em; background: linear-gradient(to right, #08a3cf 0%,#33d1cb 100%);; --column-gap:0px;\" data-bt-override-class=\"{}\"><div class=\"bt_bb_row_holder\" ><div  class=\"bt_bb_column col-xxl-9 col-xl-9 bt_bb_vertical_align_middle bt_bb_align_left bt_bb_padding_50 bt_bb_animation_fade_in animate\" style=\"; --column-width:9;\" data-width=\"9\" data-bt-override-class=\"{}\"><div class=\"bt_bb_column_content\"><div class=\"bt_bb_column_content_inner\"><div class=\"bt_bb_separator bt_bb_border_style_none bt_bb_border_color_none bt_bb_bottom_spacing_50\" data-bt-override-class=\"null\"><\/div><header class=\"bt_bb_headline bt_bb_dash_none bt_bb_size_normal bt_bb_align_inherit\" style=\";color:#ffffff;border-color:#ffffff;\" data-bt-override-class=\"{&quot;bt_bb_align_&quot;:{&quot;current_class&quot;:&quot;bt_bb_align_inherit&quot;,&quot;def&quot;:&quot;inherit&quot;,&quot;xl&quot;:&quot;inherit&quot;}}\"><h1 class=\"bt_bb_headline_tag\"><span class=\"bt_bb_headline_content\"><span>Ante cualquier consulta env\u00edenos un mail<\/span><\/span><\/h1><\/header><div class=\"bt_bb_separator bt_bb_border_style_none bt_bb_border_color_none bt_bb_bottom_spacing_50\" data-bt-override-class=\"null\"><\/div><\/div><\/div><\/div><div  class=\"bt_bb_column col-xxl-3 col-xl-3 bt_bb_vertical_align_middle bt_bb_align_right bt_bb_padding_50 bt_bb_animation_fade_in animate\" style=\"; --column-width:3;\" data-width=\"3\" data-bt-override-class=\"{}\"><div class=\"bt_bb_column_content\"><div class=\"bt_bb_column_content_inner\"><div class=\"bt_bb_separator bt_bb_border_style_none bt_bb_border_color_none bt_bb_bottom_spacing_50\" data-bt-override-class=\"null\"><\/div><div class=\"bt_bb_button bt_bb_color_scheme_11 bt_bb_icon_position_left bt_bb_style_filled bt_bb_size_medium bt_bb_width_inline bt_bb_shape_inherit bt_bb_target_self bt_bb_align_inherit\" style=\"; --primary-color:#00afde; --secondary-color:#16325c;\" data-bt-override-class=\"{&quot;bt_bb_size_&quot;:{&quot;current_class&quot;:&quot;bt_bb_size_medium&quot;,&quot;def&quot;:&quot;medium&quot;,&quot;xl&quot;:&quot;medium&quot;},&quot;bt_bb_align_&quot;:{&quot;current_class&quot;:&quot;bt_bb_align_inherit&quot;,&quot;def&quot;:&quot;inherit&quot;,&quot;xl&quot;:&quot;inherit&quot;}}\"><a href=\"https:\/\/dagostino-bruno.com.ar\/en\/contacto\/\" target=\"_self\" class=\"bt_bb_link\" title=\"CONSULTAR\"><span class=\"bt_bb_button_text\" >CONSULTAR<\/span><\/a><\/div><div class=\"bt_bb_separator bt_bb_border_style_none bt_bb_border_color_none bt_bb_bottom_spacing_50\" data-bt-override-class=\"null\"><\/div><\/div><\/div><\/div><\/div><\/div><\/div><!-- cell_inner --><\/div><!-- cell --><\/div><!-- port --><\/section><\/p>\n","protected":false},"excerpt":{"rendered":"","protected":false},"author":4,"featured_media":0,"parent":0,"menu_order":0,"comment_status":"closed","ping_status":"closed","template":"","meta":{"footnotes":""},"class_list":["post-4010","page","type-page","status-publish","hentry"],"_links":{"self":[{"href":"https:\/\/dagostino-bruno.com.ar\/en\/wp-json\/wp\/v2\/pages\/4010","targetHints":{"allow":["GET"]}}],"collection":[{"href":"https:\/\/dagostino-bruno.com.ar\/en\/wp-json\/wp\/v2\/pages"}],"about":[{"href":"https:\/\/dagostino-bruno.com.ar\/en\/wp-json\/wp\/v2\/types\/page"}],"author":[{"embeddable":true,"href":"https:\/\/dagostino-bruno.com.ar\/en\/wp-json\/wp\/v2\/users\/4"}],"replies":[{"embeddable":true,"href":"https:\/\/dagostino-bruno.com.ar\/en\/wp-json\/wp\/v2\/comments?post=4010"}],"version-history":[{"count":45,"href":"https:\/\/dagostino-bruno.com.ar\/en\/wp-json\/wp\/v2\/pages\/4010\/revisions"}],"predecessor-version":[{"id":10845,"href":"https:\/\/dagostino-bruno.com.ar\/en\/wp-json\/wp\/v2\/pages\/4010\/revisions\/10845"}],"wp:attachment":[{"href":"https:\/\/dagostino-bruno.com.ar\/en\/wp-json\/wp\/v2\/media?parent=4010"}],"curies":[{"name":"wp","href":"https:\/\/api.w.org\/{rel}","templated":true}]}}